{"id":73,"date":"2016-02-03T11:31:36","date_gmt":"2016-02-03T10:31:36","guid":{"rendered":"http:\/\/wl32www730.webland.ch\/?page_id=73"},"modified":"2022-03-29T08:37:59","modified_gmt":"2022-03-29T06:37:59","slug":"simulation-mit-moldflow-analyse","status":"publish","type":"page","link":"https:\/\/www.units.ch\/index.php\/spritzguss-simulation\/simulation-mit-moldflow-analyse\/","title":{"rendered":"Moldflow Analyse"},"content":{"rendered":"<h3 class=\"modallink\">MOLDFLOW ANALYSE<\/h3>\n<h1>Die Spritzguss-Simulation in Verbindung mit einer qualifizierten Validierung erm\u00f6glicht kritische Qualit\u00e4tsm\u00e4ngel noch vor Produktionsbeginn zu beheben.  <\/h1>\n<p><a class=\"page-scroll\" href=\"#prozesskette\"><img decoding=\"async\" src=\"\/wp-content\/themes\/WORKZ_NM_UNITS_BS_THEME\/img\/scrolldown_w.png\" class=\"scrollicon\"><\/a> <!-- <a href=\u201c#\" data-toggle=\"modal\" data-target=\"#infinite\"><img decoding=\"async\" src=\"\/wp-content\/themes\/WORKZ_NM_UNITS_BS_THEME\/img\/scrolldown_w.png\" class=\"scrollicon transform270\"><\/a> --><\/p>\n<div class=\"modal fade\" id=\"simulation-mit-moldflow\" tabindex=\"-1\" role=\"dialog\" aria-labelledby=\"myModalLabel\">\n<div class=\"modal-dialog\" role=\"document\">\n<div class=\"modal-content bg-black\">\n<div class=\"modal-header\">\n        <button type=\"button\" class=\"close\" data-dismiss=\"modal\" aria-label=\"Close\"><span aria-hidden=\"true\">&times;<\/span><\/button><\/p>\n<h3 class=\"modal-title\" id=\"myModalLabel\">MOLDFLOW ANALYSE<\/h3>\n<\/p><\/div>\n<div class=\"modal-body\">\n<h3>Moldflow &#8211; mehr als bunte Bilder<\/h3>\n<p>Steigende Anforderungen an die Komplexit\u00e4t der Spritzgiessteile und den erh\u00f6hten Kostendruck in der Werkzeug- sowie Teilefertigung, verlangt nach der Notwendigkeit, die Formteile- und Werkzeugkonstruktionen m\u00f6glichst fr\u00fch in der Entwicklungsphase zu validieren und zu optimieren. Die Spritzguss-Simulation in Verbindung mit einer qualifizierten Validierung erm\u00f6glicht kritische Qualit\u00e4tsm\u00e4ngel noch vor Produktionsbeginn zu beheben. Formteilfehler, die bisher erst bei der Fertigung erkannt wurden, verz\u00f6gern die Produktion, erh\u00f6hen durch eine aufwendige Nachbearbeitung die Zeit- und Kostenstruktur und k\u00f6nnen unter Umst\u00e4nden den Bau komplett neuer Werkzeuge erfordern.<\/p>\n<p>Wir bieten Ihnen effektive und funktionelle L\u00f6sungen f\u00fcr alle Phasen der Spritzgiessprozesskette an, und das direkt aus dem Hause units! Freuen Sie sich mit uns und profitieren Sie von unserem nutzbringenden Know-how.<\/p>\n<h4>Durch digitale Prototypen schneller zur Marktreife<\/h4>\n<p>Mit einem digitalen Prototyp zur Simulation des Kunststoff-Spritzgiessprozesses, reduzieren Sie Ihren Bedarf an physikalischen Prototypen f\u00fcr ein perfektes Design und bringen Ihre Produkte dadurch schneller auf den Markt. Schnelles Time-to-Market entscheidet im Wettbewerb oft \u00fcber den Erfolg eines Produkts.<\/p>\n<p>Nutzen Sie unser erweitertes Dienstleistungssegment und profitieren Sie von unserem Know-how.<\/p>\n<section>\n<!-- \n<video autoplay=\"autoplay\" loop=\"loop\" controls=\"controls\" width=\"600\" height=\"360\"><br \/> \n<source src=\"http:\/\/www.units.ch\/site\/wp-content\/uploads\/2013\/01\/radiator_tank_verzug_y_5x.mp4\" type=\"video\/mp4\" \/><br \/> \n<source src=\"http:\/\/www.units.ch\/site\/wp-content\/uploads\/2013\/01\/radiator_tank_verzug_y_5x.ogv\" type=\"video\/ogg\" \/><br \/> \n<source src=\"http:\/\/www.units.ch\/site\/wp-content\/uploads\/2013\/01\/radiator_tank_verzug_y_5x.webm\" type=\"video\/webm\" \/><br \/>\n  Video tag not supported. Download the video <a href=\"http:\/\/www.units.ch\/site\/wp-content\/uploads\/2013\/01\/radiator_tank_verzug_y_5x.webm\">here<\/a>.<br \/> \n<\/video><\/p>\n\n --><\/p>\n<p><video autoplay=\"autoplay\" loop=\"loop\" controls=\"controls\" width=\"600\" height=\"360\"><br \/><source src=\"\/wp-content\/uploads\/2013\/01\/ventilkoerper_plastische_seele.mp4\" type=\"video\/mp4\" \/><br \/><source src=\"\/wp-content\/uploads\/2013\/01\/ventilkoerper_plastische_seele.ogv\" type=\"video\/ogg\" \/><br \/><source src=\"\/wp-content\/uploads\/2013\/01\/ventilkoerper_plastische_seele.webm\" type=\"video\/webm\" \/><br \/>\n  Video tag not supported. Download the video <a href=\"\/wp-content\/uploads\/2013\/01\/ventilkoerper_plastische_seele.webm\">here<\/a>.<br \/><\/video><\/p>\n<\/section><\/div>\n<div class=\"modal-footer\">\n        <button type=\"button\" class=\"btn btn-default\" data-dismiss=\"modal\">SCHLIESSEN<\/button><\/p><\/div>\n<\/p><\/div>\n<\/p><\/div>\n<\/div>\n","protected":false},"excerpt":{"rendered":"<p>MOLDFLOW ANALYSE Die Spritzguss-Simulation in Verbindung mit einer qualifizierten Validierung erm\u00f6glicht kritische Qualit\u00e4tsm\u00e4ngel noch vor Produktionsbeginn zu beheben. &times; MOLDFLOW [&hellip;]<\/p>\n","protected":false},"author":1,"featured_media":0,"parent":70,"menu_order":10,"comment_status":"closed","ping_status":"closed","template":"TMP_NUU_BASIC.php","meta":{"_acf_changed":false,"footnotes":""},"acf":[],"_links":{"self":[{"href":"https:\/\/www.units.ch\/index.php\/wp-json\/wp\/v2\/pages\/73"}],"collection":[{"href":"https:\/\/www.units.ch\/index.php\/wp-json\/wp\/v2\/pages"}],"about":[{"href":"https:\/\/www.units.ch\/index.php\/wp-json\/wp\/v2\/types\/page"}],"author":[{"embeddable":true,"href":"https:\/\/www.units.ch\/index.php\/wp-json\/wp\/v2\/users\/1"}],"replies":[{"embeddable":true,"href":"https:\/\/www.units.ch\/index.php\/wp-json\/wp\/v2\/comments?post=73"}],"version-history":[{"count":30,"href":"https:\/\/www.units.ch\/index.php\/wp-json\/wp\/v2\/pages\/73\/revisions"}],"predecessor-version":[{"id":7948,"href":"https:\/\/www.units.ch\/index.php\/wp-json\/wp\/v2\/pages\/73\/revisions\/7948"}],"up":[{"embeddable":true,"href":"https:\/\/www.units.ch\/index.php\/wp-json\/wp\/v2\/pages\/70"}],"wp:attachment":[{"href":"https:\/\/www.units.ch\/index.php\/wp-json\/wp\/v2\/media?parent=73"}],"curies":[{"name":"wp","href":"https:\/\/api.w.org\/{rel}","templated":true}]}}