{"id":70,"date":"2016-02-03T11:30:12","date_gmt":"2016-02-03T10:30:12","guid":{"rendered":"http:\/\/wl32www730.webland.ch\/?page_id=70"},"modified":"2022-03-07T11:13:38","modified_gmt":"2022-03-07T10:13:38","slug":"spritzguss-simulation","status":"publish","type":"page","link":"https:\/\/www.units.ch\/index.php\/spritzguss-simulation\/","title":{"rendered":"SPRITZGUSS SIMULATION"},"content":{"rendered":"<div class=\"text-center\">\n<h1>Es geht darum, am richtigen Punkt anzufangen.<br \/>\nVon der Idee, \u00fcber die Qualit\u00e4tspr\u00fcfung bis zur Markteinf\u00fchrung erbringen unsere Simulations-L\u00f6sungen einen echten Mehrwert.<\/h1>\n<\/div>\n","protected":false},"excerpt":{"rendered":"<p>Es geht darum, am richtigen Punkt anzufangen. Von der Idee, \u00fcber die Qualit\u00e4tspr\u00fcfung bis zur Markteinf\u00fchrung erbringen unsere Simulations-L\u00f6sungen einen [&hellip;]<\/p>\n","protected":false},"author":1,"featured_media":0,"parent":0,"menu_order":30,"comment_status":"closed","ping_status":"closed","template":"TMP_SP_IMT.php","meta":{"_acf_changed":false,"footnotes":""},"acf":[],"_links":{"self":[{"href":"https:\/\/www.units.ch\/index.php\/wp-json\/wp\/v2\/pages\/70"}],"collection":[{"href":"https:\/\/www.units.ch\/index.php\/wp-json\/wp\/v2\/pages"}],"about":[{"href":"https:\/\/www.units.ch\/index.php\/wp-json\/wp\/v2\/types\/page"}],"author":[{"embeddable":true,"href":"https:\/\/www.units.ch\/index.php\/wp-json\/wp\/v2\/users\/1"}],"replies":[{"embeddable":true,"href":"https:\/\/www.units.ch\/index.php\/wp-json\/wp\/v2\/comments?post=70"}],"version-history":[{"count":33,"href":"https:\/\/www.units.ch\/index.php\/wp-json\/wp\/v2\/pages\/70\/revisions"}],"predecessor-version":[{"id":7873,"href":"https:\/\/www.units.ch\/index.php\/wp-json\/wp\/v2\/pages\/70\/revisions\/7873"}],"wp:attachment":[{"href":"https:\/\/www.units.ch\/index.php\/wp-json\/wp\/v2\/media?parent=70"}],"curies":[{"name":"wp","href":"https:\/\/api.w.org\/{rel}","templated":true}]}}