{"id":6733,"date":"2021-06-21T15:51:35","date_gmt":"2021-06-21T13:51:35","guid":{"rendered":"https:\/\/www.units.ch\/?page_id=6733"},"modified":"2021-06-22T09:53:34","modified_gmt":"2021-06-22T07:53:34","slug":"zeiss-meets-units-2019","status":"publish","type":"page","link":"https:\/\/www.units.ch\/index.php\/events\/zeiss-meets-units-2019\/","title":{"rendered":"ZEISS meets units 2019"},"content":{"rendered":"<h3>ZEISS und units haben sich gefunden und sind am 4. April bei units AUSTRIA, in Lustenau, zusammengekommen. Das war richtig gut, denn im pers\u00f6nlichen Gespr\u00e4ch entstand etwas Sch\u00f6nes und Wertvolles: eine Teamarbeit, die wunderbar harmonierte. Es gab spannende Begegnungen und interessante Referate, die bestimmt noch lange haften bleiben. Insbesondere der Vortrag des smarten Radio- und TV-Stars Tom Walek \u00fcber seine Expedition zum S\u00fcdpol war ein Highlight.<\/h3>\n<blockquote><p>\u201eJa, der Event \u00abZEISS-meets-units\u00bb war ein Erfolg, das zeigt auch das positive Feedback der Teilnehmenden. Wir konnten viel bewegen und f\u00fcr unsere Kunden, Partner und Freunde einen weiteren Mehrwert generieren. Das freut mich sehr und daf\u00fcr m\u00f6chte ich auch DANKE sagen; dem ZEISS-Team genauso wie der units-Crew. So macht Arbeit Spass und ruft nach mehr!\u201c<\/p>\n<p>Roger Eggenberger, CEO<\/p><\/blockquote>\n","protected":false},"excerpt":{"rendered":"<p>ZEISS und units haben sich gefunden und sind am 4. April bei units AUSTRIA, in Lustenau, zusammengekommen. Das war richtig [&hellip;]<\/p>\n","protected":false},"author":1,"featured_media":0,"parent":3075,"menu_order":201904,"comment_status":"closed","ping_status":"closed","template":"TMP_EVENTS_ARCHIV.php","meta":{"_acf_changed":false,"footnotes":""},"acf":[],"_links":{"self":[{"href":"https:\/\/www.units.ch\/index.php\/wp-json\/wp\/v2\/pages\/6733"}],"collection":[{"href":"https:\/\/www.units.ch\/index.php\/wp-json\/wp\/v2\/pages"}],"about":[{"href":"https:\/\/www.units.ch\/index.php\/wp-json\/wp\/v2\/types\/page"}],"author":[{"embeddable":true,"href":"https:\/\/www.units.ch\/index.php\/wp-json\/wp\/v2\/users\/1"}],"replies":[{"embeddable":true,"href":"https:\/\/www.units.ch\/index.php\/wp-json\/wp\/v2\/comments?post=6733"}],"version-history":[{"count":2,"href":"https:\/\/www.units.ch\/index.php\/wp-json\/wp\/v2\/pages\/6733\/revisions"}],"predecessor-version":[{"id":6820,"href":"https:\/\/www.units.ch\/index.php\/wp-json\/wp\/v2\/pages\/6733\/revisions\/6820"}],"up":[{"embeddable":true,"href":"https:\/\/www.units.ch\/index.php\/wp-json\/wp\/v2\/pages\/3075"}],"wp:attachment":[{"href":"https:\/\/www.units.ch\/index.php\/wp-json\/wp\/v2\/media?parent=6733"}],"curies":[{"name":"wp","href":"https:\/\/api.w.org\/{rel}","templated":true}]}}