{"id":6729,"date":"2021-06-21T15:25:01","date_gmt":"2021-06-21T13:25:01","guid":{"rendered":"https:\/\/www.units.ch\/?page_id=6729"},"modified":"2021-06-22T09:51:10","modified_gmt":"2021-06-22T07:51:10","slug":"techtalk-by-units-4-0-4-1-2018","status":"publish","type":"page","link":"https:\/\/www.units.ch\/index.php\/events\/techtalk-by-units-4-0-4-1-2018\/","title":{"rendered":"techtalk by units #4.0 &#038; #4.1 2018"},"content":{"rendered":"<div class=\"row\" style=\"margin:36px 0;\">\n<div class=\"col-md-12 text-center\"><img decoding=\"async\" src=\"https:\/\/www.units.ch\/wp-content\/uploads\/2020\/07\/techtalk_logo_900_invert.png\" alt=\"\" width=\"50%\" height=\"auto\"  \/>\n<\/div>\n<\/div>\n<p><center><\/p>\n<h3 class=\"nuu hbg\" style=\"margin-top:24px;\">\u00abForm- und Rauheitsmessung von komplexen, miniaturisierten Oberfl\u00e4chen\u00bb<\/h3>\n<p><\/center><\/p>\n<div class=\"row\" style=\"width:auto; margin:0 auto; border:1px solid red; padding:44px; margin-top:48px; margin-bottom:48px;\">\n<div class=\"col-md-6\">\n<img loading=\"lazy\" decoding=\"async\" class=\"alignnone size-large wp-image-2925\" title=\"Dr. Stefan Scherrer, CEO Alicona AG\" src=\"\/wp-content\/uploads\/2018\/02\/alicona_scherrer.jpg\" width=\"300\" height=\"300\" \/><a href=\"http:\/\/www.alicona.com\" target=\"_blank\" rel=\"noopener\"><img decoding=\"async\" class=\"alignnone size-full wp-image-2924\" src=\"\/wp-content\/uploads\/2018\/02\/aliconalogosw.png\" alt=\"berhalter_widnau_logo\" width=\"300\" height=\"auto\" \/><\/a>\n<\/div>\n<div class=\"col-md-6\">\n<h3 style=\"line-height: 200%;\">Referent ist Dr. Stefan Scherrer \/ CEO Alicona zum Thema &#8222;Form- und Rauheitsmessung von komplexen, miniaturisierten Oberfl\u00e4chen &#8220;<br \/>\nmit anschliessender M\u00f6glichkeit zur Live Vorf\u00fchrungen \u00abALICONA\u00bb<\/h3>\n<h4><a href=\"www.alicona.com\" target=\"_blank\" rel=\"noopener\">www.alicona.com<\/a><\/h4>\n<\/div>\n<\/div>\n<p>Am 26. Februar 2018 wurde die vierte Ausgabe des techtalk by units durchgef\u00fchrt.<br \/>\nReferent war Dr. Stefan Scherer \/ CEO Alicona zum Thema \u201eMehr als nur eine Oberfl\u00e4che\u201c. Spannende Erkenntnisse, wertvolle Inputs und eindr\u00fcckliche Bilder mit anschliessender Live Messung bildeten den Inhalt des Events.<\/p>\n<p>Durch das rege Interesse, hatten wir uns entschlossen, ein units techtalk 4.1 anzuh\u00e4ngen. Dieser fand am 22. M\u00e4rz statt. Zum gleichen Thema referierte Robert Winkler von Alicona.<\/p>\n<p>Im Anschluss wurde wie gewohnt das leckere Buffet genossen und interessante Gespr\u00e4che bis sp\u00e4t in den Abend gef\u00fchrt.<\/p>\n","protected":false},"excerpt":{"rendered":"<p>\u00abForm- und Rauheitsmessung von komplexen, miniaturisierten Oberfl\u00e4chen\u00bb Referent ist Dr. Stefan Scherrer \/ CEO Alicona zum Thema &#8222;Form- und Rauheitsmessung [&hellip;]<\/p>\n","protected":false},"author":1,"featured_media":0,"parent":3075,"menu_order":201802,"comment_status":"closed","ping_status":"closed","template":"TMP_EVENTS_ARCHIV.php","meta":{"_acf_changed":false,"footnotes":""},"acf":[],"_links":{"self":[{"href":"https:\/\/www.units.ch\/index.php\/wp-json\/wp\/v2\/pages\/6729"}],"collection":[{"href":"https:\/\/www.units.ch\/index.php\/wp-json\/wp\/v2\/pages"}],"about":[{"href":"https:\/\/www.units.ch\/index.php\/wp-json\/wp\/v2\/types\/page"}],"author":[{"embeddable":true,"href":"https:\/\/www.units.ch\/index.php\/wp-json\/wp\/v2\/users\/1"}],"replies":[{"embeddable":true,"href":"https:\/\/www.units.ch\/index.php\/wp-json\/wp\/v2\/comments?post=6729"}],"version-history":[{"count":4,"href":"https:\/\/www.units.ch\/index.php\/wp-json\/wp\/v2\/pages\/6729\/revisions"}],"predecessor-version":[{"id":6818,"href":"https:\/\/www.units.ch\/index.php\/wp-json\/wp\/v2\/pages\/6729\/revisions\/6818"}],"up":[{"embeddable":true,"href":"https:\/\/www.units.ch\/index.php\/wp-json\/wp\/v2\/pages\/3075"}],"wp:attachment":[{"href":"https:\/\/www.units.ch\/index.php\/wp-json\/wp\/v2\/media?parent=6729"}],"curies":[{"name":"wp","href":"https:\/\/api.w.org\/{rel}","templated":true}]}}