{"id":6495,"date":"2021-06-18T10:57:54","date_gmt":"2021-06-18T08:57:54","guid":{"rendered":"https:\/\/www.units.ch\/?page_id=6495"},"modified":"2021-06-22T08:53:20","modified_gmt":"2021-06-22T06:53:20","slug":"lichtevent-juni-2010","status":"publish","type":"page","link":"https:\/\/www.units.ch\/index.php\/events\/lichtevent-juni-2010\/","title":{"rendered":"Lichtevent Juni 2010"},"content":{"rendered":"<p>Lichtblicke bei units \u2013 mit dem zweit\u00e4gigen Event, setzte das Team von units die Messlatte wieder gewohnt hoch. Lichtblicke waren zweifelsohne die allgegenw\u00e4rtige Dynamik des Teams und die F\u00e4higkeit, mit spannend in Szene gesetzten Technologien am Puls der Zeit zu arbeiten.<\/p>\n<p>Das Thema Licht dominierte am 25. \/ 26. Juni 2010 das Geschehen bei units. Das units-Team nahm seine Besucher mit auf einen spannenden Lichtexkurs.<\/p>\n","protected":false},"excerpt":{"rendered":"<p>Lichtblicke bei units \u2013 mit dem zweit\u00e4gigen Event, setzte das Team von units die Messlatte wieder gewohnt hoch. Lichtblicke waren [&hellip;]<\/p>\n","protected":false},"author":1,"featured_media":0,"parent":3075,"menu_order":201006,"comment_status":"closed","ping_status":"closed","template":"TMP_EVENTS_ARCHIV.php","meta":{"_acf_changed":false,"footnotes":""},"acf":[],"_links":{"self":[{"href":"https:\/\/www.units.ch\/index.php\/wp-json\/wp\/v2\/pages\/6495"}],"collection":[{"href":"https:\/\/www.units.ch\/index.php\/wp-json\/wp\/v2\/pages"}],"about":[{"href":"https:\/\/www.units.ch\/index.php\/wp-json\/wp\/v2\/types\/page"}],"author":[{"embeddable":true,"href":"https:\/\/www.units.ch\/index.php\/wp-json\/wp\/v2\/users\/1"}],"replies":[{"embeddable":true,"href":"https:\/\/www.units.ch\/index.php\/wp-json\/wp\/v2\/comments?post=6495"}],"version-history":[{"count":5,"href":"https:\/\/www.units.ch\/index.php\/wp-json\/wp\/v2\/pages\/6495\/revisions"}],"predecessor-version":[{"id":6780,"href":"https:\/\/www.units.ch\/index.php\/wp-json\/wp\/v2\/pages\/6495\/revisions\/6780"}],"up":[{"embeddable":true,"href":"https:\/\/www.units.ch\/index.php\/wp-json\/wp\/v2\/pages\/3075"}],"wp:attachment":[{"href":"https:\/\/www.units.ch\/index.php\/wp-json\/wp\/v2\/media?parent=6495"}],"curies":[{"name":"wp","href":"https:\/\/api.w.org\/{rel}","templated":true}]}}