{"id":62,"date":"2016-02-03T11:16:44","date_gmt":"2016-02-03T10:16:44","guid":{"rendered":"http:\/\/wl32www730.webland.ch\/?page_id=62"},"modified":"2022-03-29T08:38:32","modified_gmt":"2022-03-29T06:38:32","slug":"reverse-engineering","status":"publish","type":"page","link":"https:\/\/www.units.ch\/index.php\/flaechenrueckfuehrung_und_3d_digitalisieren\/reverse-engineering\/","title":{"rendered":"REVERSE ENGINEERING"},"content":{"rendered":"<h3 class=\"modallink\">REVERSE ENGINEERING<\/h3>\n<h1>Wenn Ihre Daten fehlen, rekonstruieren wir CAD Fl\u00e4chenmodelle f\u00fcr Design, Konstruktion, Fertigung und Montage oder als Datensicherung. Das ist\u00a0effektiver als ein Neuaufbau der Daten.<\/h1>\n<p><a class=\"page-scroll\" href=\"#werkzeug\"><img decoding=\"async\" src=\"\/wp-content\/themes\/WORKZ_NM_UNITS_BS_THEME\/img\/scrolldown_w.png\" class=\"scrollicon\"><\/a> <!--<a href=\u201c#\" data-toggle=\"modal\" data-target=\"#re\"><img decoding=\"async\" src=\"\/wp-content\/themes\/WORKZ_NM_UNITS_BS_THEME\/img\/scrolldown_w.png\" class=\"scrollicon transform270\"><\/a> --><\/p>\n<div id=\"re\" class=\"modal fade\" tabindex=\"-1\" role=\"dialog\" aria-labelledby=\"myModalLabel\">\n<div class=\"modal-dialog\" role=\"document\">\n<div class=\"modal-content bg-black\">\n<div class=\"modal-header\">\n<p><button class=\"close\" type=\"button\" data-dismiss=\"modal\" aria-label=\"Close\"><span aria-hidden=\"true\">\u00d7<\/span><\/button><\/p>\n<h3 id=\"myModalLabel\" class=\"modal-title\">REVERSE ENGINEERING<\/h3>\n<\/div>\n<div class=\"modal-body\">\n<h3>Sie haben ein Modell oder einen Prototypen \u2013 besitzen aber keine digitalen Daten? <\/h3>\n<p>Die Fl\u00e4chenr\u00fcckf\u00fchrung erm\u00f6glicht es uns, die Konstruktionselemente eines K\u00f6rpers zu rekonstruieren. Die qualitativ hochwertige Fl\u00e4chenr\u00fcckf\u00fchrung erfolgt auf der Basis von Polymaschen; vernetzten Punktewolken. Mit der Software Pointmaster, des Herstellers Knotenpunkt, definieren wir die Fl\u00e4chenbegrenzungen direkt auf den Polymaschen. Dadurch werden die Randkurven optimiert und die Fl\u00e4chen anhand dessen approximiert, sodass der gesamte Fl\u00e4chenverband tangenten- und kurvenstetig verbunden wird. Auf Ihren Wunsch hin liefern wir Fl\u00e4chendaten sowohl in IGES oder CAD Solid im STEP Format. Wir bieten Ihnen punktgenaue und effiziente Arbeiten, so dass Sie die L\u00f6sung in einem Bruchteil der Zeit auf der Hand, beziehungsweise auf dem Computer haben. Der Weg f\u00fcr Ihre CAD\/CAM Bearbeitung ist geebnet.<\/p>\n<h3>CAD Rekonstruktion<\/h3>\n<p>Die wirtschaftliche und technische Entwicklung verlangt von Ihrem Unternehmen im Entwicklungsprozess immer flexiblere und innovativere Modelle. Um den Startpunkt f\u00fcr die Serienproduktion setzen zu k\u00f6nnen, sind vielfach aufw\u00e4ndige Prototypen n\u00f6tig, die als Funktionsmodell dienen. Im hektischen Arbeitsalltag entstehen hier oft Engp\u00e4sse, die sich auf die Bereitstellung der aktuellen CAD-Daten auswirken. Kontaktieren Sie uns. Wir sind praxisorientierte, erfahrene Profis in der Entwicklung. Mit kreativer und methodischer Teamarbeit helfen wir Ihnen gerne, Kapazit\u00e4tsengp\u00e4sse in der Entwicklung und Konstruktion abzufangen. Sie erhalten von uns nicht nur die CAD-Daten \u2013 je nach Ihren Vorgaben als Polygonfl\u00e4chen oder durchg\u00e4ngig parametrisierte Freiformfl\u00e4chen \u2013 sondern auf Sie zugeschnittene innovative L\u00f6sungen.<\/p>\n<\/div>\n<div class=\"modal-footer\"><button class=\"btn btn-default\" type=\"button\" data-dismiss=\"modal\">SCHLIESSEN<\/button><\/div>\n<\/div>\n<\/div>\n<\/div>\n","protected":false},"excerpt":{"rendered":"<p>REVERSE ENGINEERING Wenn Ihre Daten fehlen, rekonstruieren wir CAD Fl\u00e4chenmodelle f\u00fcr Design, Konstruktion, Fertigung und Montage oder als Datensicherung. Das [&hellip;]<\/p>\n","protected":false},"author":1,"featured_media":0,"parent":52,"menu_order":10,"comment_status":"closed","ping_status":"closed","template":"TMP_NUU_BASIC.php","meta":{"_acf_changed":false,"footnotes":""},"acf":[],"_links":{"self":[{"href":"https:\/\/www.units.ch\/index.php\/wp-json\/wp\/v2\/pages\/62"}],"collection":[{"href":"https:\/\/www.units.ch\/index.php\/wp-json\/wp\/v2\/pages"}],"about":[{"href":"https:\/\/www.units.ch\/index.php\/wp-json\/wp\/v2\/types\/page"}],"author":[{"embeddable":true,"href":"https:\/\/www.units.ch\/index.php\/wp-json\/wp\/v2\/users\/1"}],"replies":[{"embeddable":true,"href":"https:\/\/www.units.ch\/index.php\/wp-json\/wp\/v2\/comments?post=62"}],"version-history":[{"count":28,"href":"https:\/\/www.units.ch\/index.php\/wp-json\/wp\/v2\/pages\/62\/revisions"}],"predecessor-version":[{"id":7949,"href":"https:\/\/www.units.ch\/index.php\/wp-json\/wp\/v2\/pages\/62\/revisions\/7949"}],"up":[{"embeddable":true,"href":"https:\/\/www.units.ch\/index.php\/wp-json\/wp\/v2\/pages\/52"}],"wp:attachment":[{"href":"https:\/\/www.units.ch\/index.php\/wp-json\/wp\/v2\/media?parent=62"}],"curies":[{"name":"wp","href":"https:\/\/api.w.org\/{rel}","templated":true}]}}