{"id":59,"date":"2016-02-03T11:14:59","date_gmt":"2016-02-03T10:14:59","guid":{"rendered":"http:\/\/wl32www730.webland.ch\/?page_id=59"},"modified":"2022-03-29T08:46:03","modified_gmt":"2022-03-29T06:46:03","slug":"tritop","status":"publish","type":"page","link":"https:\/\/www.units.ch\/index.php\/flaechenrueckfuehrung_und_3d_digitalisieren\/tritop\/","title":{"rendered":"MOBILES MESSEN"},"content":{"rendered":"<h3 class=\"modallink\">MOBILES MESSEN<\/h3>\n<h1 class=\"container_title white\">Objekte transportieren bedeutet Aufwand. Der Einsatz unseres mobilen Systems spart Kosten, verringert Standzeiten und erm\u00f6glicht eine sofortige Auswertung vor Ort.<\/h1>\n<p><a class=\"page-scroll\" href=\"#top\"><img decoding=\"async\" src=\"\/wp-content\/themes\/WORKZ_NM_UNITS_BS_THEME\/img\/scrolldown_w.png\" class=\"scrollicon\" style=\"transform: rotate(180deg);\"><\/a> <!--<a href=\u201c#\" data-toggle=\"modal\" data-target=\"#mobilmessen\"><img decoding=\"async\" src=\"\/wp-content\/themes\/WORKZ_NM_UNITS_BS_THEME\/img\/scrolldown_w.png\" class=\"scrollicon transform270\"><\/a> --><\/p>\n<div id=\"mobilmessen\" class=\"modal fade\" tabindex=\"-1\" role=\"dialog\" aria-labelledby=\"myModalLabel\">\n<div class=\"modal-dialog\" role=\"document\">\n<div class=\"modal-content bg-black\">\n<div class=\"modal-header\">\n<button class=\"close\" type=\"button\" data-dismiss=\"modal\" aria-label=\"Close\"><span aria-hidden=\"true\">\u00d7<\/span><\/button><\/p>\n<h3 id=\"myModalLabel\" class=\"modal-title\">MOBILES MESSEN<\/h3>\n<\/div>\n<div class=\"modal-body\">\n<h3>Mit unserem TRITOP System bekommt der Ansatz \u201eMessger\u00e4t kommt zum Messobjekt\u201d eine neue Bedeutung.<\/h3>\n<h4>Optisches 3D-Koordinatenmess-System<\/h4>\n<p>Mit unserem TRITOP System bekommt der Ansatz \u201eMessger\u00e4t kommt zum Messobjekt\u201d eine neue Bedeutung. Das mobile und portable TRITOP-System misst Koordinaten von dreidimensionalen Objekten schnell und pr\u00e4zise. Aufgaben, die klassisch auf tastenden 3D-Koordinatenmessmaschinen ausgef\u00fchrt werden, lassen sich mit dem TRITOP-System ohne aufwendige, schwere und wartungsintensive Hardware l\u00f6sen. Wie bei tastenden Maschinen werden die relevanten Merkmale in den jeweiligen Koordinaten und deren Ausrichtung im Raum erfasst:<\/p>\n<ul style=\"list-style:circle;\">\n<li>Fl\u00e4chenpunkte und Schnitte<\/li>\n<li>Regelgeometrien<\/li>\n<li>L\u00f6cher, Stanzungen und Beschnitt<\/li>\n<li>Durchmesser, L\u00e4ngen, Winkel, etc.<\/li>\n<\/ul>\n<h4>Messdaten erfassen<\/h4>\n<p>Nachdem die 3D-Koordinaten bestimmt sind, wird die Messung mathematisch in das Koordinatensystem des Bauteils eingeschwenkt:<\/p>\n<ul>\n<li>RPS<\/li>\n<li>Lehrenausrichtung<\/li>\n<li>Best-Fit<\/li>\n<li>etc.<\/li>\n<\/ul>\n<p>Mit TRITOP lassen sich Objekte bis zu einigen Metern vermessen. Je nach Aufgabenstellung stehen verschiedene Kamerasysteme zur Verf\u00fcgung.<br \/>\nAlle TRITOP-Systeme sind selbstkalibrierend und selbst\u00fcberpr\u00fcfend.<\/p>\n<\/div>\n<div class=\"modal-footer\"><button class=\"btn btn-default\" type=\"button\" data-dismiss=\"modal\">SCHLIESSEN<\/button><\/div>\n<\/div>\n<\/div>\n<\/div>\n","protected":false},"excerpt":{"rendered":"<p>MOBILES MESSEN Objekte transportieren bedeutet Aufwand. Der Einsatz unseres mobilen Systems spart Kosten, verringert Standzeiten und erm\u00f6glicht eine sofortige Auswertung [&hellip;]<\/p>\n","protected":false},"author":1,"featured_media":0,"parent":52,"menu_order":100,"comment_status":"closed","ping_status":"closed","template":"TMP_NUU_BASIC.php","meta":{"_acf_changed":false,"footnotes":""},"acf":[],"_links":{"self":[{"href":"https:\/\/www.units.ch\/index.php\/wp-json\/wp\/v2\/pages\/59"}],"collection":[{"href":"https:\/\/www.units.ch\/index.php\/wp-json\/wp\/v2\/pages"}],"about":[{"href":"https:\/\/www.units.ch\/index.php\/wp-json\/wp\/v2\/types\/page"}],"author":[{"embeddable":true,"href":"https:\/\/www.units.ch\/index.php\/wp-json\/wp\/v2\/users\/1"}],"replies":[{"embeddable":true,"href":"https:\/\/www.units.ch\/index.php\/wp-json\/wp\/v2\/comments?post=59"}],"version-history":[{"count":36,"href":"https:\/\/www.units.ch\/index.php\/wp-json\/wp\/v2\/pages\/59\/revisions"}],"predecessor-version":[{"id":7961,"href":"https:\/\/www.units.ch\/index.php\/wp-json\/wp\/v2\/pages\/59\/revisions\/7961"}],"up":[{"embeddable":true,"href":"https:\/\/www.units.ch\/index.php\/wp-json\/wp\/v2\/pages\/52"}],"wp:attachment":[{"href":"https:\/\/www.units.ch\/index.php\/wp-json\/wp\/v2\/media?parent=59"}],"curies":[{"name":"wp","href":"https:\/\/api.w.org\/{rel}","templated":true}]}}