{"id":5013,"date":"2020-07-07T08:42:52","date_gmt":"2020-07-07T06:42:52","guid":{"rendered":"https:\/\/www.units.ch\/?page_id=5013"},"modified":"2026-01-15T11:19:24","modified_gmt":"2026-01-15T10:19:24","slug":"anfrage","status":"publish","type":"page","link":"https:\/\/www.units.ch\/index.php\/anfrage\/","title":{"rendered":"Anfrage"},"content":{"rendered":"<h3 id=\"anfrage\">Als Entwicklungspartner und L\u00f6sungsanbieter unterst\u00fctzen wir Sie und Ihre Projekte mit unseren vernetzten Leistungen. In jeder Phase \u2013 von der Idee bis zur Fertigung und Optimierung \u2013 verschafft Ihnen unser Know-how einen langfristigen Mehrwert. Schildern Sie uns Ihr Anliegen \u2013 wir kontaktieren Sie umgehend und unverbindlich.<\/h3>\n<p>F\u00fcllen Sie dazu bitte das Anfragen-Formular aus. Sie haben auch die M\u00f6glichkeit, Dateien wie Bilder oder Zeichnungen hochzuladen, damit wir Ihre Anfrage optimal aufbereiten k\u00f6nnen.<br \/>\n\n<div class=\"wpcf7 no-js\" id=\"wpcf7-f5012-o1\" lang=\"de-DE\" dir=\"ltr\">\n<div class=\"screen-reader-response\"><p role=\"status\" aria-live=\"polite\" aria-atomic=\"true\"><\/p> <ul><\/ul><\/div>\n<form action=\"\/index.php\/wp-json\/wp\/v2\/pages\/5013#wpcf7-f5012-o1\" method=\"post\" class=\"wpcf7-form init\" aria-label=\"Kontaktformular\" novalidate=\"novalidate\" data-status=\"init\">\n<div style=\"display: none;\">\n<input type=\"hidden\" name=\"_wpcf7\" value=\"5012\" \/>\n<input type=\"hidden\" name=\"_wpcf7_version\" value=\"5.9.8\" \/>\n<input type=\"hidden\" name=\"_wpcf7_locale\" value=\"de_DE\" \/>\n<input type=\"hidden\" name=\"_wpcf7_unit_tag\" value=\"wpcf7-f5012-o1\" \/>\n<input type=\"hidden\" name=\"_wpcf7_container_post\" value=\"0\" \/>\n<input type=\"hidden\" name=\"_wpcf7_posted_data_hash\" value=\"\" \/>\n<\/div>\n<style>\nspan.wpcf7-list-item {\n\tdisplay: table-row;\nfont-size:18px;\n}\nspan.wpcf7-list-item * {\n\tdisplay: table-cell;\n}\n\nspan.wpcf7 p {font-size:18px!important;}\n\noptgroup, select, \nselect.wpcf7-form-control option { background:#000; color:000;}\nselect.wpcf7-form-control wpcf7-select wpcf7-validates-as-required { display:none;}\n\n.wpcf7-form-control-wrap input, .wpcf7-form-control-wrap textarea {border:none!important;}\n<\/style>\n<section style=\"padding-top:20px; padding-bottom:20px;\" id=\"anfrageform\">\n\t<h3 class=\"formtit\">Ihre Angaben\n\t<\/h3>\n\t<div class=\"row\" style=\"background: rgba(0,0,0,0.50); padding:20px;\">\n\t\t<div class=\"col-md-6\" >\n\t\t\t<h4>Ich interessiere mich f\u00fcr\n\t\t\t<\/h4>\n\t\t\t<p><span class=\"wpcf7-form-control-wrap\" data-name=\"bereich\"><span class=\"wpcf7-form-control wpcf7-checkbox cb\"><span class=\"wpcf7-list-item first\"><input type=\"checkbox\" name=\"bereich[]\" value=\"Simulation\" \/><span class=\"wpcf7-list-item-label\">Simulation<\/span><\/span><span class=\"wpcf7-list-item\"><input type=\"checkbox\" name=\"bereich[]\" value=\"Engineering\" \/><span class=\"wpcf7-list-item-label\">Engineering<\/span><\/span><span class=\"wpcf7-list-item\"><input type=\"checkbox\" name=\"bereich[]\" value=\"Messtechnik\" \/><span class=\"wpcf7-list-item-label\">Messtechnik<\/span><\/span><span class=\"wpcf7-list-item\"><input type=\"checkbox\" name=\"bereich[]\" value=\"Zeichnungspr\u00fcfung\" \/><span class=\"wpcf7-list-item-label\">Zeichnungspr\u00fcfung<\/span><\/span><span class=\"wpcf7-list-item last\"><input type=\"checkbox\" name=\"bereich[]\" value=\"Weiterbildung\" \/><span class=\"wpcf7-list-item-label\">Weiterbildung<\/span><\/span><\/span><\/span>\n\t\t\t<\/p>\n\t\t\t<h4 style=\"margin-top:18px;\">Details\n\t\t\t<\/h4>\n\t\t\t<p><span class=\"wpcf7-form-control-wrap\" data-name=\"beschreibung\"><textarea cols=\"40\" rows=\"10\" maxlength=\"2000\" class=\"wpcf7-form-control wpcf7-textarea\" aria-invalid=\"false\" name=\"beschreibung\"><\/textarea><\/span>\n\t\t\t<\/p>\n\t\t\t<h4 style=\"margin-top:18px;\">Dateiupload zur Anfrage\n\t\t\t<\/h4>\n\t\t\t<p><span class=\"wpcf7-form-control-wrap\" data-name=\"upload\"><span class=\"wpcf7-form-control wpcf7-radio cb\"><span class=\"wpcf7-list-item first\"><input type=\"radio\" name=\"upload\" value=\"Ja - ich sende Daten\" \/><span class=\"wpcf7-list-item-label\">Ja - ich sende Daten<\/span><\/span><span class=\"wpcf7-list-item last\"><input type=\"radio\" name=\"upload\" value=\"Nein - kein Upload\" \/><span class=\"wpcf7-list-item-label\">Nein - kein Upload<\/span><\/span><\/span><\/span>\n\t\t\t<\/p>\n\t\t<\/div>\n\t\t<div class=\"col-md-6\" style=\"background: rgba(0,0,0,0.70)\">\n\t\t\t<p>Anrede<br \/>\n<span class=\"wpcf7-form-control-wrap\" data-name=\"Anrede\"><select class=\"wpcf7-form-control wpcf7-select wpcf7-validates-as-required\" aria-required=\"true\" aria-invalid=\"false\" name=\"Anrede\"><option value=\"Herr\">Herr<\/option><option value=\"Frau\">Frau<\/option><\/select><\/span>\n\t\t\t<\/p>\n\t\t\t<p>Vorname*\n\t\t\t<\/p>\n\t\t\t<p><span class=\"wpcf7-form-control-wrap\" data-name=\"Vorname\"><input size=\"40\" maxlength=\"400\" class=\"wpcf7-form-control wpcf7-text wpcf7-validates-as-required\" aria-required=\"true\" aria-invalid=\"false\" value=\"\" type=\"text\" name=\"Vorname\" \/><\/span>\n\t\t\t<\/p>\n\t\t\t<p>Name*\n\t\t\t<\/p>\n\t\t\t<p><span class=\"wpcf7-form-control-wrap\" data-name=\"Name\"><input size=\"40\" maxlength=\"400\" class=\"wpcf7-form-control wpcf7-text wpcf7-validates-as-required\" aria-required=\"true\" aria-invalid=\"false\" value=\"\" type=\"text\" name=\"Name\" \/><\/span>\n\t\t\t<\/p>\n\t\t\t<p>Firma*\n\t\t\t<\/p>\n\t\t\t<p><span class=\"wpcf7-form-control-wrap\" data-name=\"Firma\"><input size=\"40\" maxlength=\"400\" class=\"wpcf7-form-control wpcf7-text wpcf7-validates-as-required\" aria-required=\"true\" aria-invalid=\"false\" value=\"\" type=\"text\" name=\"Firma\" \/><\/span>\n\t\t\t<\/p>\n\t\t\t<p>PLZ*\n\t\t\t<\/p>\n\t\t\t<p><span class=\"wpcf7-form-control-wrap\" data-name=\"PLZ\"><input size=\"40\" maxlength=\"400\" class=\"wpcf7-form-control wpcf7-text wpcf7-validates-as-required\" aria-required=\"true\" aria-invalid=\"false\" value=\"\" type=\"text\" name=\"PLZ\" \/><\/span>\n\t\t\t<\/p>\n\t\t\t<p>Ort*\n\t\t\t<\/p>\n\t\t\t<p><span class=\"wpcf7-form-control-wrap\" data-name=\"Ort\"><input size=\"40\" maxlength=\"400\" class=\"wpcf7-form-control wpcf7-text wpcf7-validates-as-required\" aria-required=\"true\" aria-invalid=\"false\" value=\"\" type=\"text\" name=\"Ort\" \/><\/span>\n\t\t\t<\/p>\n\t\t\t<p>Telefonnummer*\n\t\t\t<\/p>\n\t\t\t<p><span class=\"wpcf7-form-control-wrap\" data-name=\"Telefon\"><input size=\"40\" maxlength=\"400\" class=\"wpcf7-form-control wpcf7-tel wpcf7-validates-as-required wpcf7-text wpcf7-validates-as-tel\" aria-required=\"true\" aria-invalid=\"false\" value=\"\" type=\"tel\" name=\"Telefon\" \/><\/span>\n\t\t\t<\/p>\n\t\t\t<p>E-Mail-Adresse*\n\t\t\t<\/p>\n\t\t\t<p><span class=\"wpcf7-form-control-wrap\" data-name=\"Email\"><input size=\"40\" maxlength=\"400\" class=\"wpcf7-form-control wpcf7-email wpcf7-validates-as-required wpcf7-text wpcf7-validates-as-email\" aria-required=\"true\" aria-invalid=\"false\" value=\"\" type=\"email\" name=\"Email\" \/><\/span>\n\t\t\t<\/p>\n\t\t\t<p>*Pflichtfelder\n\t\t\t<\/p>\n\t\t\t<p><button type=\"submit\" value=\"#JETZTABSENDEN\" class=\"hashboxindiv\">ABSENDEN<\/button>\n\t\t\t<\/p>\n\t\t<div class=\"wpcf7-response-output\" aria-hidden=\"true\"><\/div>\n\t\t<\/div>\n\t<\/div>\n<\/section>\n<\/form>\n<\/div>\n<\/p>\n<div style=\"background:#000;  padding:20px;\">\n<h4>Bitte senden Sie uns Ihre Dateien (Format und Gr\u00f6sse frei) \u00fcber unseren Cloud-Upload mit folgendem Link.<br \/>\n <\/h4>\n<p><a style=\"background:#ebebeb; border:1px solid #fff; margin-top:24px;padding:4px 12px; display:inline-block; color:#000;\" href=\"https:\/\/cloud.units.swiss\/index.php\/s\/g6NPJ5Mpoqpy5cF\" target=\"new\" rel=\"noopener\">Ihre Dateien hier hochladen. <\/a><\/p>\n","protected":false},"excerpt":{"rendered":"<p>Als Entwicklungspartner und L\u00f6sungsanbieter unterst\u00fctzen wir Sie und Ihre Projekte mit unseren vernetzten Leistungen. In jeder Phase \u2013 von der [&hellip;]<\/p>\n","protected":false},"author":1,"featured_media":0,"parent":0,"menu_order":1200,"comment_status":"closed","ping_status":"closed","template":"TMP_SUB_SINGLE_GT-ANFRAGE.php","meta":{"_acf_changed":false,"footnotes":""},"acf":[],"_links":{"self":[{"href":"https:\/\/www.units.ch\/index.php\/wp-json\/wp\/v2\/pages\/5013"}],"collection":[{"href":"https:\/\/www.units.ch\/index.php\/wp-json\/wp\/v2\/pages"}],"about":[{"href":"https:\/\/www.units.ch\/index.php\/wp-json\/wp\/v2\/types\/page"}],"author":[{"embeddable":true,"href":"https:\/\/www.units.ch\/index.php\/wp-json\/wp\/v2\/users\/1"}],"replies":[{"embeddable":true,"href":"https:\/\/www.units.ch\/index.php\/wp-json\/wp\/v2\/comments?post=5013"}],"version-history":[{"count":26,"href":"https:\/\/www.units.ch\/index.php\/wp-json\/wp\/v2\/pages\/5013\/revisions"}],"predecessor-version":[{"id":10915,"href":"https:\/\/www.units.ch\/index.php\/wp-json\/wp\/v2\/pages\/5013\/revisions\/10915"}],"wp:attachment":[{"href":"https:\/\/www.units.ch\/index.php\/wp-json\/wp\/v2\/media?parent=5013"}],"curies":[{"name":"wp","href":"https:\/\/api.w.org\/{rel}","templated":true}]}}