{"id":4969,"date":"2020-07-06T10:45:43","date_gmt":"2020-07-06T08:45:43","guid":{"rendered":"https:\/\/www.units.ch\/?page_id=4969"},"modified":"2021-06-22T10:04:49","modified_gmt":"2021-06-22T08:04:49","slug":"techtalk-by-units","status":"publish","type":"page","link":"https:\/\/www.units.ch\/index.php\/events\/techtalk-by-units\/","title":{"rendered":"techtalk by units #5"},"content":{"rendered":"<div class=\"row\" style=\"margin:36px 0;\">\n<div class=\"col-md-12 text-center\"><img decoding=\"async\" src=\"https:\/\/www.units.ch\/wp-content\/uploads\/2020\/07\/techtalk_logo_900_invert.png\" alt=\"\" width=\"50%\" height=\"auto\"  \/><\/p>\n<h2 class=\"nuu hbg\" style=\"line-height: 150%;\">Donnerstag, 10. September 2020, ab 17.00 Uhr<\/h2>\n<h2 class=\"nuu hbg\" style=\"line-height: 150%;\">units OST AG, Au\/SG<\/h2>\n<\/div>\n<\/div>\n<p><center><\/p>\n<h3 class=\"nuu hbg\" style=\"margin-top:24px;\">\u00abFertigungstiefe, Fertigungskapazit\u00e4t und Insourcing als Marktvorteil\u00bb<\/h3>\n<p><\/center><\/p>\n<div class=\"row\" style=\"width:auto; margin:0 auto; border:1px solid red; padding:44px; margin-top:48px; margin-bottom:48px;\">\n<div class=\"col-md-6\">\n<h3 style=\"line-height: 150%;\">Gastreferent Patrik Caluori, Vice President Manufacturing and Logistics Hamilton Bonaduz AG zum Thema \u00abFertigungstiefe, Fertigungskapazit\u00e4t und Insourcing als Marktvorteil\u00bb<\/h3>\n<\/div>\n<div class=\"col-md-6\">\n<h3 class=\"nuu hbg\" style=\"line-height: 150%;\">Hamilton ist immer bestrebt, innovative Produkte auf den Markt zu bringen. Eine wichtige Komponente ist dabei eine schnelle Verf\u00fcgbarkeit der Ger\u00e4te und eine ununterbrochene Versorgung mit den dazugeh\u00f6renden Verbrauchsmaterialien sicherzustellen.<\/h3>\n<h3 class=\"nuu hbg\" style=\"line-height: 150%; margin-bottom:1em;\">Speziell in der Corona-Zeit hat sich die Strategie von Hamilton als richtig erwiesen, strategisch relevante Komponenten und Produkte m\u00f6glichst innerhalb der Firma zu produzieren.<\/h3>\n<p><a href=\"https:\/\/www.hamiltoncompany.com\/\" rel=\"noopener noreferrer\" target=\"_blank\" class=\"hashboxindiv\" style=\"display:inline; padding:2px 7px; margin-top:36px;\">https:\/\/www.hamiltoncompany.com<\/a>\n<\/div>\n<\/div>\n<p><br clear=\"all\"><\/p>\n","protected":false},"excerpt":{"rendered":"<p>Donnerstag, 10. September 2020, ab 17.00 Uhr units OST AG, Au\/SG \u00abFertigungstiefe, Fertigungskapazit\u00e4t und Insourcing als Marktvorteil\u00bb Gastreferent Patrik Caluori, [&hellip;]<\/p>\n","protected":false},"author":1,"featured_media":4993,"parent":3075,"menu_order":202009,"comment_status":"closed","ping_status":"closed","template":"TMP_EVENTS_2020.php","meta":{"_acf_changed":false,"footnotes":""},"acf":[],"_links":{"self":[{"href":"https:\/\/www.units.ch\/index.php\/wp-json\/wp\/v2\/pages\/4969"}],"collection":[{"href":"https:\/\/www.units.ch\/index.php\/wp-json\/wp\/v2\/pages"}],"about":[{"href":"https:\/\/www.units.ch\/index.php\/wp-json\/wp\/v2\/types\/page"}],"author":[{"embeddable":true,"href":"https:\/\/www.units.ch\/index.php\/wp-json\/wp\/v2\/users\/1"}],"replies":[{"embeddable":true,"href":"https:\/\/www.units.ch\/index.php\/wp-json\/wp\/v2\/comments?post=4969"}],"version-history":[{"count":49,"href":"https:\/\/www.units.ch\/index.php\/wp-json\/wp\/v2\/pages\/4969\/revisions"}],"predecessor-version":[{"id":6826,"href":"https:\/\/www.units.ch\/index.php\/wp-json\/wp\/v2\/pages\/4969\/revisions\/6826"}],"up":[{"embeddable":true,"href":"https:\/\/www.units.ch\/index.php\/wp-json\/wp\/v2\/pages\/3075"}],"wp:featuredmedia":[{"embeddable":true,"href":"https:\/\/www.units.ch\/index.php\/wp-json\/wp\/v2\/media\/4993"}],"wp:attachment":[{"href":"https:\/\/www.units.ch\/index.php\/wp-json\/wp\/v2\/media?parent=4969"}],"curies":[{"name":"wp","href":"https:\/\/api.w.org\/{rel}","templated":true}]}}