{"id":4128,"date":"2018-05-20T15:29:00","date_gmt":"2018-05-20T13:29:00","guid":{"rendered":"http:\/\/wl32www730.webland.ch\/?page_id=4128"},"modified":"2022-12-21T19:14:22","modified_gmt":"2022-12-21T18:14:22","slug":"datenschutzerklaerung","status":"publish","type":"page","link":"https:\/\/www.units.ch\/index.php\/datenschutzerklaerung\/","title":{"rendered":"Datenschutzerkl\u00e4rung"},"content":{"rendered":"<h3>1.\tAllgemeine Hinweise und Pflichtinformationen<\/h3>\n<p>Wir nehmen den Schutz Ihrer Daten sehr ernst. Wir behandeln Ihre personenbezogenen Daten vertraulich und entsprechend den gesetzlichen Datenschutzvorschriften. Die vorliegende Datenschutzerkl\u00e4rung erl\u00e4utert, welche personenbezogenen Daten wir von Ihnen bei einem Webseitenbesuch oder in der Erbringung unserer Dienstleistung nutzen und wie mit diesen Daten verfahren wird. Personenbezogene Daten sind alle Daten, mit welchen Sie pers\u00f6nlich identifiziert werden k\u00f6nnen.<br \/>\nWir bearbeiten Personendaten im Einklang mit dem schweizerischen Datenschutzrecht. Ausserdem bearbeiten wir \u2013 soweit die EU-DSGVO anwendbar ist \u2013 Personendaten gem\u00e4ss nachfolgenden Rechtsgrundlagen im Zusammenhang mit Art. 6 Abs. 1 DSGVO.<br \/>\nWir weisen darauf hin, dass die Daten\u00fcbertragung im Internet Sicherheitsl\u00fccken aufweisen kann. Ein l\u00fcckenloser Schutz der Daten vor dem Zugriff durch Dritte ist nicht m\u00f6glich.<br \/>\nWenn Sie Ihren Wohnsitz in einem Mitgliedstaat der EU haben, weisen wir Sie darauf hin, dass die USA aus Sicht der Europ\u00e4ischen Union nicht \u00fcber ein ausreichendes Datenschutzniveau verf\u00fcgt.<\/p>\n<h3>2.\tDatenschutzbeauftragter<\/h3>\n<p>Verantwortlich f\u00fcr die Einhaltung der geltenden Datenschutzbestimmung ist<\/p>\n<p>units OST AG<br \/>\nAngela Eggenberger<br \/>\nRosenbergsaustrasse 1<br \/>\n9434 Au (SG)<\/p>\n<p>T: +41 71 242 42 00<br \/>\nE: info@units.ch<\/p>\n<h3>3.\tDatenerfassung und -verarbeitung<\/h3>\n<p>Ihre Daten werden zum einen dadurch erhoben, dass Sie uns diese z.B. in unserem Kontaktformular, bei Auftragserteilung oder bei der Anmeldung f\u00fcr ein Event mitteilen. Andere Daten werden automatisch bei einem Besuch der Website durch unsere IT-Systeme erfasst. Die Daten werden erhoben, um eine fehlerfreie Bereitstellung der Website zu gew\u00e4hrleisten, Auftr\u00e4ge auszuf\u00fchren und das Nutzerverhalten f\u00fcr Marketingzwecke zu analysieren. Grundlage f\u00fcr die Datenverarbeitung ist Art. 6 Abs. 1 lit. B DSGVO, der die Verarbeitung von Daten zur Erf\u00fcllung eines Vertrages oder vorvertraglicher Massnahmen gestattet. <\/p>\n<h4>3.1\tServer-Log-Dateien<\/h4>\n<p>Der Provider der Seiten erhebt und speichert automatisch Informationen in sogenannten Server-Log-Dateien, die Ihr Browser an uns \u00fcbermittelt. Diese sind:<br \/>\n&#8211;\tBrowsertyp und Browserversion<br \/>\n&#8211;\tBetriebssystem<br \/>\n&#8211;\tReferrer URL (zuvor besuchte Seite)<br \/>\n&#8211;\tHostname des zugreifenden Rechners<br \/>\n&#8211;\tDatum und Uhrzeit der Serveranfrage<br \/>\n&#8211;\tIP-Adresse<br \/>\n&#8211;\tName der abgerufenen Seite\/Datei<br \/>\n&#8211;\t\u00dcbertragene Datenmenge<\/p>\n<p>Der Anbieter verwendet die Protokolldaten f\u00fcr statistische Auswertungen zum Zweck des Betriebs, der Sicherheit und der Optimierung des Angebotes. Der Anbieter beh\u00e4lt sich vor, Protokolldaten nachtr\u00e4glich zu pr\u00fcfen, wenn aufgrund konkreter Anhaltspunkte der berechtigte Verdacht einer rechtswidrigen Nutzung besteht. Eine Zusammenf\u00fchrung dieser Daten mit anderen Datenquellen wird nicht vorgenommen.<\/p>\n<h3>3.2\tCookies<\/h3>\n<p>Diese Webseite verwendet sogenannte Cookies. Cookies dienen dazu, unser Angebot nutzerfreundlicher, effektiver und sicherer zu machen. Es sind kleine Textdateien, die auf Ihrem Rechner abgelegt werden und die Ihr Browser speichert.<br \/>\nDie meisten der von uns verwendeten Cookies sind sogenannte &#8222;Session-Cookies&#8220;. Sie werden nach Ende Ihres Besuchs automatisch gel\u00f6scht. Andere Cookies bleiben auf Ihrem Endger\u00e4t gespeichert, bis Sie diese l\u00f6schen. Diese Cookies erm\u00f6glichen es uns, Ihren Browser beim n\u00e4chsten Besuch wiederzuerkennen.<br \/>\nSie k\u00f6nnen Ihren Browser so einstellen, dass Sie \u00fcber das Setzen von Cookies informiert werden und Cookies nur im Einzelfall erlauben oder individuelle Annahmen &#038; Ausschl\u00fcsse definieren. Bei der Deaktivierung von Cookies kann die Funktionalit\u00e4t dieser Website eingeschr\u00e4nkt sein.<br \/>\nCookies, die zur Durchf\u00fchrung des elektronischen Kommunikationsvorgangs oder zur Bereitstellung bestimmter, von Ihnen erw\u00fcnschter Funktionen erforderlich sind, werden auf Grundlage von Art. 6 Abs. 1 lit. f DSGVO gespeichert. Soweit andere Cookies (z.B. Cookies zur Analyse Ihres Surfverhaltens) gespeichert werden, werden diese in dieser Datenschutzerkl\u00e4rung gesondert behandelt.<\/p>\n<h3>3.3\tKontaktformular<\/h3>\n<p>Wenn Sie uns per Kontaktformular eine Anfrage zukommen lassen oder sich f\u00fcr einen Anlass anmelden, werden Ihre Angaben aus dem Formular inklusive der von Ihnen dort angegebenen Kontaktdaten zwecks Bearbeitung der Anfrage oder Anmeldung und f\u00fcr den Fall von Anschlussfragen bei uns gespeichert. Diese Daten geben wir nicht ohne Ihre Einwilligung weiter.<br \/>\nDie Verarbeitung der in das Kontaktformular eingegebenen Daten erfolgt somit ausschliesslich auf Grundlage Ihrer Einwilligung (Art. 6 Abs. 1 lit. a DSGVO). Sie k\u00f6nnen diese Einwilligung jederzeit widerrufen. Dazu reicht eine formlose Mitteilung per E-Mail an uns. Die Rechtm\u00e4ssigkeit der bis zum Widerruf erfolgten Datenverarbeitungsvorg\u00e4nge bleibt vom Widerruf unber\u00fchrt.<br \/>\nDie von Ihnen im Kontaktformular eingegebenen Daten verbleiben bei uns, bis Sie uns zur L\u00f6schung auffordern, Ihre Einwilligung zur Speicherung widerrufen oder der Zweck f\u00fcr die Datenspeicherung entf\u00e4llt. Zwingende gesetzliche Bestimmungen \u2013 insbesondere Aufbewahrungsfristen \u2013 bleiben unber\u00fchrt.<\/p>\n<h3>3.4\tAnfrage per E-Mail<\/h3>\n<p>Wenn Sie uns per E-Mail kontaktieren, wird Ihre Anfrage inklusive aller daraus hervorgehenden personenbezogenen Daten zum Zwecke der Bearbeitung Ihrer Anfrage bei uns gespeichert und verarbeitet. Diese Daten geben wir nicht ohne Ihre Einwilligung weiter.<br \/>\nDie Verarbeitung dieser Daten erfolgt auf Grundlage von Art. 6 Abs. 1 lit. b DSGVO, sofern Ihre Anfrage mit der Erf\u00fcllung eines Auftrages zusammenh\u00e4ngt oder zur Durchf\u00fchrung vorabkl\u00e4render Massnahmen erforderlich ist. In allen \u00fcbrigen F\u00e4llen beruht die Verarbeitung auf Ihrer Einwilligung (Art. 6 Abs. 1 lit. a DSGVO) und \/ oder auf unseren berechtigten Interessen (Art. 6 Abs. 1 lit. f DSGVO), da wir ein berechtigtes Interesse an der effektiven Bearbeitung der an uns gerichteten Anfragen haben.<\/p>\n<h3>3.5\tNewsletter<\/h3>\n<p>Wenn Sie den auf der Webseite angebotenen Newsletter beziehen m\u00f6chten, ben\u00f6tigen wir von Ihnen eine E-Mail-Adresse sowie Informationen, welche uns die \u00dcberpr\u00fcfung gestatten, dass Sie der Inhaber der angegebenen E-Mail-Adresse sind und mit dem Empfang des Newsletters einverstanden sind. Weitere Daten werden nicht bzw. nur auf freiwilliger Basis erhoben. Diese Daten verwenden wir ausschliesslich f\u00fcr den Versand der angeforderten Informationen und geben diese nicht an Dritte weiter.<br \/>\nDie Verarbeitung der in das Newsletteranmeldeformular eingegebenen Daten erfolgt ausschliesslich auf Grundlage Ihrer Einwilligung (Art. 6 Abs. 1 lit. a DSGVO). Die erteilte Einwilligung zur Speicherung der Daten, der E-Mail-Adresse sowie deren Nutzung zum Versand des Newsletters k\u00f6nnen Sie jederzeit widerrufen. Die Rechtm\u00e4ssigkeit der bereits erfolgten Datenverarbeitungsvorg\u00e4nge bleibt vom Widerruf unber\u00fchrt.<\/p>\n<h3>4.\tAnalysetools &#038; Tools von Drittanbietern<\/h3>\n<p>Beim Besuch unserer Website kann Ihr Surf-Verhalten statistisch ausgewertet werden. Das geschieht vor allem mit Cookies und mit sogenannten Analyseprogrammen. Die Analyse Ihres Surf-Verhaltens erfolgt in der Regel anonym; das Surf-Verhalten kann nicht zu Ihnen zur\u00fcckverfolgt werden. Sie k\u00f6nnen dieser Analyse widersprechen oder sie durch die Nichtbenutzung bestimmter Tools verhindern. <\/p>\n<h4>4.1\tHosting Webseite<\/h4>\n<p>Wir haben die Webland AG mit Sitz in Basel (Schweiz) mit der Bereitstellung und der technischen Betreuung unserer Plattform (Webserver-Betrieb, Hosting) beauftragt. Soweit hierbei Daten \u00fcbertragen, gespeichert und verarbeitet werden, geschieht dies nach den Weisungen des Plattform Betreibers und im Rahmen einer Auftragsverarbeitung nach DSG\/EU-DSGVO. Die f\u00fcr den Betrieb eingesetzten Server stehen in der Schweiz.<br \/>\nDas Vertragsverh\u00e4ltnis mit dem Auftragsverarbeiter ist mittels schriftlicher Vertr\u00e4ge geregelt und die hier abgebildeten Datenschutzbestimmungen sind an diesen Auftragsverarbeiter \u00fcbertragen worden. Eine Weitergabe dieser Daten an Dritte durch den Auftragsverarbeiter ist vertraglich ausgeschlossen.<\/p>\n<h4>4.2\tMailChimp<\/h4>\n<p>Wir nutzen die Dienste von MailChimp f\u00fcr den Versand von Newslettern. Anbieter ist die Rocket Science Group LLC, 675 Ponce De Leon Ave NE, Suite 5000, Atlanta, GA 30308, USA. MailChimp ist ein Dienst, mit dem u.a. der Versand von Newslettern organisiert und analysiert werden kann. Wenn Sie Daten zum Zweck des Newsletterbezugs eingeben, werden diese auf den Servern von MailChimp in den USA gespeichert. MailChimp verf\u00fcgt \u00fcber eine Zertifizierung nach dem &#8222;EU-US-Privacy-Shield&#8220;.<br \/>\nMit Hilfe von MailChimp k\u00f6nnen wir unsere Newsletterkampagnen analysieren. Wenn Sie eine mit MailChimp versandte E-Mail \u00f6ffnen, verbindet sich eine in der E-Mail enthaltene Datei (sog. web-beacon) mit den Servern von MailChimp in den USA. So kann festgestellt werden, ob eine Newsletter-Nachricht ge\u00f6ffnet und welche Links ggf. angeklickt wurden. Ausserdem werden technische Informationen erfasst (z.B. Zeitpunkt des Abrufs, IP-Adresse, Browsertyp und Betriebssystem). Diese Informationen k\u00f6nnen nicht dem jeweiligen Newsletter-Empf\u00e4nger zugeordnet werden. Sie dienen ausschliesslich der statistischen Analyse von Newsletterkampagnen. Die Ergebnisse dieser Analysen k\u00f6nnen genutzt werden, um k\u00fcnftige Newsletter besser an die Interessen der Empf\u00e4nger anzupassen. Wenn Sie keine Analyse durch MailChimp wollen, m\u00fcssen Sie den Newsletter abbestellen. Hierf\u00fcr stellen wir in jeder Newsletternachricht einen entsprechenden Link zur Verf\u00fcgung. Die Datenverarbeitung erfolgt auf der Grundlage Ihrer Einwilligung (Art. 6 Abs. 1 lit. a DSGVO). Sie k\u00f6nnen diese Einwilligung jederzeit widerrufen, indem Sie den Newsletter abbestellen. Die Rechtm\u00e4ssigkeit der bereits erfolgten Datenverarbeitungsvorg\u00e4nge bleibt vom Widerruf unber\u00fchrt. Die von Ihnen zum Zweck des Newsletter-Bezugs bei uns hinterlegten Daten werden von uns bis zu Ihrer Austragung aus dem Newsletter gespeichert und nach der Abbestellung des Newsletters sowohl von unseren Servern als auch von den Servern von MailChimp gel\u00f6scht.<br \/>\nN\u00e4heres entnehmen Sie den Datenschutzbestimmungen von MailChimp.<\/p>\n<h4>4.3\tGoogle Analytics<\/h4>\n<p>F\u00fcr die bedarfsgerechten Gestaltung und fortlaufenden Optimierung unserer Seiten nutzen wir Google Analytics, ein Webanalysedienst der Google Inc., 1600 Amphitheatre Parkway, Mountain View, CA 94043, USA (&#8222;Google&#8220;). In diesem Zusammenhang werden pseudonymisierte Nutzungsprofile erstellt und Cookies verwendet. Die durch den Cookie erzeugten Informationen \u00fcber Ihre Benutzung dieser Website wie<\/p>\n<p>&#8211;\tBrowser-Typ\/-Version<br \/>\n&#8211;\tverwendetes Betriebssystem<br \/>\n&#8211;\tReferrer-URL (die zuvor besuchte Seite)<br \/>\n&#8211;\tHostname des zugreifenden Rechners (IP-Adresse)<br \/>\n&#8211;\tUhrzeit der Serveranfrage<\/p>\n<p>werden an einen Server von Google in den USA \u00fcbertragen und dort gespeichert. Die Informationen werden verwendet, um die Nutzung der Website auszuwerten, um Reports \u00fcber die Websiteaktivit\u00e4ten zusammenzustellen und um weitere mit der Websitenutzung und der Internetnutzung verbundene Dienstleistungen zu Zwecken der Marktforschung und bedarfsgerechten Gestaltung dieser Internetseiten zu erbringen.<br \/>\nDiese Informationen werden gegebenenfalls auch an Dritte \u00fcbertragen, sofern dies gesetzlich vorgeschrieben ist oder soweit Dritte diese Daten im Auftrag verarbeiten. Es wird in keinem Fall Ihre IP-Adresse mit anderen Daten von Google zusammengef\u00fchrt. Die IP-Adressen werden anonymisiert, so dass eine Zuordnung nicht m\u00f6glich ist.<br \/>\nIn unserem Auftrag als Betreiber dieser Webseite wird Google diese Information benutzen, um Ihre Nutzung der Webseite auszuwerten, um Reports \u00fcber die Webseiten-Aktivit\u00e4ten zusammenzustellen und um weitere mit der Webseiten-Nutzung und der Internetnutzung verbundene Dienstleistungen gegen\u00fcber dem Webseitenbetreiber zu erbringen.<br \/>\nWeitere Informationen zum Datenschutz im Zusammenhang mit Google Analytics finden Sie in der Google Analytics Hilfe:<br \/>\nhttps:\/\/support.google.com\/analytics\/answer\/6004245?hl=de<\/p>\n<h4>4.4\tGoogle AdWords und Google Conversion-Tracking<\/h4>\n<p>Diese Website verwendet Google AdWords. AdWords ist ein Online-Werbeprogramm der Google Inc., 1600 Amphitheatre Parkway, Mountain View, CA 94043, USA (&#8222;Google&#8220;). Im Rahmen von Google AdWords nutzen wir das so genannte Conversion-Tracking. Wenn Sie auf eine von Google geschaltete Anzeige klicken, wird ein Cookie f\u00fcr das Conversion-Tracking gesetzt. Jeder Google AdWords-Kunde erh\u00e4lt ein anderes Cookie. Die Cookies k\u00f6nnen nicht \u00fcber die Websites von AdWords-Kunden nachverfolgt werden. Die mithilfe des Conversion-Cookies eingeholten Informationen dienen dazu, Conversion-Statistiken f\u00fcr AdWords-Kunden zu erstellen, die sich f\u00fcr Conversion-Tracking entschieden haben. Sie erhalten jedoch keine Informationen, mit denen sich Nutzer pers\u00f6nlich identifizieren lassen. Wenn Sie nicht am Tracking teilnehmen m\u00f6chten, k\u00f6nnen Sie dieser Nutzung widersprechen, indem Sie das Cookie des Google Conversion-Trackings \u00fcber ihren Internet-Browser unter Nutzereinstellungen deaktivieren. Die Speicherung von &#8222;Conversion-Cookies&#8220; erfolgt auf Grundlage von Art. 6 Abs. 1 lit. f DSGVO. Der Websitebetreiber hat ein berechtigtes Interesse an der Analyse des Nutzerverhaltens, um sowohl sein Webangebot als auch seine Werbung zu optimieren. Mehr Informationen zu Google AdWords und Google Conversion-Tracking finden Sie in den Datenschutzbestimmungen von Google.<\/p>\n<h4>4.5\tGoogle Maps<\/h4>\n<p>Auf unserer Website verwenden wir Google Maps von Google Ireland Limited, Gordon House, 4 Barrow St, Dublin, D04 E5W5, Irland (&#8222;Google&#8220;). Google Maps ist ein Webdienst zur Darstellung von interaktiven (Land-)Karten, um geographische Informationen visuell darzustellen. \u00dcber die Nutzung dieses Dienstes wird Ihnen unser Standort angezeigt und eine etwaige Anfahrt erleichtert.<br \/>\nBereits beim Aufrufen derjenigen Unterseiten, in die die Karte von Google Maps eingebunden ist, werden Informationen \u00fcber Ihre Nutzung unserer Website (wie z.B. Ihre IP-Adresse) an Server von Google \u00fcbertragen und dort gespeichert, hierbei kann es auch zu einer \u00dcbermittlung an die Server der Google LLC. in den USA kommen. Dies erfolgt unabh\u00e4ngig davon, ob Google ein Nutzerkonto bereitstellt, \u00fcber das Sie eingeloggt sind oder ob ein Nutzerkonto besteht. Wenn Sie bei Google eingeloggt sind, werden Ihre Daten direkt Ihrem Konto zugeordnet. Wenn Sie die Zuordnung mit Ihrem Profil bei Google nicht w\u00fcnschen, m\u00fcssen Sie sich vor Aktivierung des Buttons ausloggen. Google speichert Ihre Daten (selbst f\u00fcr nicht eingeloggte Nutzer) als Nutzungsprofile und wertet diese aus. Die Erhebung, Speicherung und die Auswertung erfolgen gem\u00e4\u00df Art. 6 Abs. 1 lit. f DSGVO auf Basis des berechtigten Interesses von Google an der Einblendung personalisierter Werbung, Marktforschung und\/oder der bedarfsgerechten Gestaltung von Google-Websites. Ihnen steht ein Widerspruchsrecht gegen die Bildung dieser Nutzerprofile zu, wobei Sie sich f\u00fcr dessen Aus\u00fcbung an Google wenden m\u00fcssen.<br \/>\nWenn Sie mit der k\u00fcnftigen \u00dcbermittlung Ihrer Daten an Google im Rahmen der Nutzung von Google Maps nicht einverstanden sind, besteht auch die M\u00f6glichkeit, den Webdienst von Google Maps vollst\u00e4ndig zu deaktivieren, indem Sie die Anwendung JavaScript in Ihrem Browser ausschalten. Google Maps und damit auch die Kartenanzeige auf dieser Internetseite kann dann nicht genutzt werden.<br \/>\nDie Nutzungsbedingungen f\u00fcr Google Maps finden Sie unter:<br \/>\nhttps:\/\/www.google.com\/intl\/de_US\/help\/terms_maps.html<\/p>\n<h4>4.6\tGoogle Web Fonts <\/h4>\n<p>Diese Webseite nutzt zur einheitlichen Darstellung von Schriftarten so genannte Web Fonts, die von Google bereitgestellt werden. Beim Aufruf einer Seite l\u00e4dt Ihr Browser die ben\u00f6tigten Web Fonts in ihren Browsercache, um Texte und Schriftarten korrekt anzuzeigen.<br \/>\nZu diesem Zweck muss der von Ihnen verwendete Browser Verbindung zu den Servern von Google aufnehmen. Hierdurch erlangt Google Kenntnis dar\u00fcber, dass \u00fcber Ihre IP-Adresse unsere Website aufgerufen wurde. Die Nutzung von Google Web Fonts erfolgt im Interesse einer einheitlichen und ansprechenden Darstellung unserer Online-Angebote. Dies stellt ein berechtigtes Interesse im Sinne von Art. 6 Abs. 1 lit. f DSGVO dar.<br \/>\nWenn Ihr Browser Web Fonts nicht unterst\u00fctzt, wird eine Standardschrift von Ihrem Computer genutzt.<br \/>\nWeitere Informationen zu Google Web Fonts finden Sie unter:<br \/>\nhttps:\/\/developers.google.com\/fonts\/faq<\/p>\n<h3>5.\tSicherheit<\/h3>\n<h4>5.1\tSSL-bzw. TLS-Verschl\u00fcsselung<\/h4>\n<p>Diese Seite nutzt aus Sicherheitsgr\u00fcnden und zum Schutz der \u00dcbertragung vertraulicher Inhalte, wie zum Beispiel Bestellungen oder Anfragen, die Sie an uns als Seitenbetreiber senden, eine SSL-bzw. TLS-Verschl\u00fcsselung. Eine verschl\u00fcsselte Verbindung erkennen Sie daran, dass die Adresszeile des Browsers von &#8222;http:\/\/ &#8220; auf &#8222;https:\/\/ &#8220; wechselt und an dem Schloss-Symbol in Ihrer Browserzeile.<br \/>\nWenn die SSL- bzw. TLS-Verschl\u00fcsselung aktiviert ist, k\u00f6nnen die Daten, die Sie an uns \u00fcbermitteln, nicht von Dritten mitgelesen werden.<\/p>\n<h4>5.2\tIP-Anonymisierung<\/h4>\n<p>Wir haben auf dieser Website die Funktion IP-Anonymisierung aktiviert. Dadurch wird Ihre IP-Adresse von Google innerhalb von Mitgliedstaaten der Europ\u00e4ischen Union oder in anderen Vertragsstaaten des Abkommens \u00fcber den Europ\u00e4ischen Wirtschaftsraum vor der \u00dcbermittlung in die USA gek\u00fcrzt. Nur in Ausnahmef\u00e4llen wird die volle IP-Adresse an einen Server von Google in den USA \u00fcbertragen und dort gek\u00fcrzt. Im Auftrag des Betreibers dieser Website wird Google diese Informationen benutzen, um Ihre Nutzung der Website auszuwerten, um Reports \u00fcber die Websiteaktivit\u00e4ten zusammenzustellen und um weitere mit der Websitenutzung und der Internetnutzung verbundene Dienstleistungen gegen\u00fcber dem Websitebetreiber zu erbringen. Die im Rahmen von Google Analytics von Ihrem Browser \u00fcbermittelte IP-Adresse wird nicht mit anderen Daten von Google zusammengef\u00fchrt.<\/p>\n<h3>6.\tIhre Rechte<\/h3>\n<p>Sie haben jederzeit das Recht unentgeltlich Auskunft \u00fcber Herkunft, Empf\u00e4nger und Zweck Ihrer gespeicherten personenbezogenen Daten zu erhalten. Sie haben ausserdem ein Recht, die Berichtigung, Sperrung oder L\u00f6schung dieser Daten zu verlangen. Hierzu sowie zu weiteren Fragen zum Thema Datenschutz schreiben Sie uns bitte eine E-Mail oder wenden Sie sich direkt an die f\u00fcr den Datenschutz zu Beginn der Datenschutzerkl\u00e4rung aufgef\u00fchrten, verantwortlichen Person in unserer Organisation.<\/p>\n<h3>7.\t\u00c4nderungen<\/h3>\n<p>Wir k\u00f6nnen diese Datenschutzerkl\u00e4rung jederzeit ohne Vorank\u00fcndigung anpassen. Es gilt die auf unserer Website publizierte Fassung. <\/p>\n<p>Verwendete Quellen: swissanwalt.ch | admin.ch | wordpress.org<\/p>\n","protected":false},"excerpt":{"rendered":"<p>1. Allgemeine Hinweise und Pflichtinformationen Wir nehmen den Schutz Ihrer Daten sehr ernst. Wir behandeln Ihre personenbezogenen Daten vertraulich und [&hellip;]<\/p>\n","protected":false},"author":1,"featured_media":4002,"parent":0,"menu_order":600,"comment_status":"closed","ping_status":"closed","template":"TMP_SUB_SINGLE.php","meta":{"_acf_changed":false,"footnotes":""},"acf":[],"_links":{"self":[{"href":"https:\/\/www.units.ch\/index.php\/wp-json\/wp\/v2\/pages\/4128"}],"collection":[{"href":"https:\/\/www.units.ch\/index.php\/wp-json\/wp\/v2\/pages"}],"about":[{"href":"https:\/\/www.units.ch\/index.php\/wp-json\/wp\/v2\/types\/page"}],"author":[{"embeddable":true,"href":"https:\/\/www.units.ch\/index.php\/wp-json\/wp\/v2\/users\/1"}],"replies":[{"embeddable":true,"href":"https:\/\/www.units.ch\/index.php\/wp-json\/wp\/v2\/comments?post=4128"}],"version-history":[{"count":19,"href":"https:\/\/www.units.ch\/index.php\/wp-json\/wp\/v2\/pages\/4128\/revisions"}],"predecessor-version":[{"id":8313,"href":"https:\/\/www.units.ch\/index.php\/wp-json\/wp\/v2\/pages\/4128\/revisions\/8313"}],"wp:featuredmedia":[{"embeddable":true,"href":"https:\/\/www.units.ch\/index.php\/wp-json\/wp\/v2\/media\/4002"}],"wp:attachment":[{"href":"https:\/\/www.units.ch\/index.php\/wp-json\/wp\/v2\/media?parent=4128"}],"curies":[{"name":"wp","href":"https:\/\/api.w.org\/{rel}","templated":true}]}}