{"id":3980,"date":"2018-04-16T20:11:33","date_gmt":"2018-04-16T18:11:33","guid":{"rendered":"http:\/\/wl32www730.webland.ch\/?page_id=3980"},"modified":"2022-03-29T08:42:23","modified_gmt":"2022-03-29T06:42:23","slug":"spitzgussprozesskette","status":"publish","type":"page","link":"https:\/\/www.units.ch\/index.php\/spritzguss-simulation\/spitzgussprozesskette\/","title":{"rendered":"Wir bieten Ihnen effektive und funktionelle L\u00f6sungen f\u00fcr alle Phasen der Spritzguss Prozesskette an."},"content":{"rendered":"<h3 class=\"modallink\">PROZESSKETTE<\/h3>\n<h1>Wir bieten Ihnen effektive und funktionelle L\u00f6sungen f\u00fcr alle Phasen der Spritzguss Prozesskette an.<\/h1>\n<p><a class=\"page-scroll\" href=\"#virtuelleoptimierung\"><img decoding=\"async\" src=\"\/wp-content\/themes\/WORKZ_NM_UNITS_BS_THEME\/img\/scrolldown_w.png\" class=\"scrollicon\"><\/a> <!-- <a href=\u201c#\" data-toggle=\"modal\" data-target=\"#prozesskette\"><img decoding=\"async\" src=\"\/wp-content\/themes\/WORKZ_NM_UNITS_BS_THEME\/img\/scrolldown_w.png\" class=\"scrollicon transform270\" ><\/a> --><\/p>\n<div class=\"modal fade\" id=\"prozesskette\" tabindex=\"-1\" role=\"dialog\" aria-labelledby=\"myModalLabel\">\n<div class=\"modal-dialog\" role=\"document\">\n<div class=\"modal-content bg-black\">\n<div class=\"modal-header\">\n        <button type=\"button\" class=\"close\" data-dismiss=\"modal\" aria-label=\"Close\"><span aria-hidden=\"true\">&times;<\/span><\/button><\/p>\n<h3 class=\"modal-title\" id=\"myModalLabel\"PROZESSKETTE<\/h3><\/div>\n<div class=\"modal-body\">\nFormteile- und Werkzeugkonstruktionen sollen m\u00f6glichst fr\u00fch in der Entwicklungsphase validiert und optimiert werden. Dank langj\u00e4hriger Erfahrung im Spritzguss und dem Umgang mit der Software Moldflow, decken wir kritische Qualit\u00e4tsm\u00e4ngel noch vor Produktionsbeginn auf. So k\u00f6nnen Korrekturschleifen und Abmusterungen minimiert und Verz\u00f6gerungen im Serien-Produktionsstart verhindert werden.\n      <\/div>\n<div class=\"modal-footer\">\n        <button type=\"button\" class=\"btn btn-default\" data-dismiss=\"modal\">schliessen<\/button><\/p><\/div>\n<\/p><\/div>\n<\/p><\/div>\n<\/div>\n","protected":false},"excerpt":{"rendered":"<p>PROZESSKETTE Wir bieten Ihnen effektive und funktionelle L\u00f6sungen f\u00fcr alle Phasen der Spritzguss Prozesskette an. &times;<\/p>\n","protected":false},"author":1,"featured_media":0,"parent":70,"menu_order":20,"comment_status":"closed","ping_status":"closed","template":"TMP_NUU_BASIC.php","meta":{"_acf_changed":false,"footnotes":""},"acf":[],"_links":{"self":[{"href":"https:\/\/www.units.ch\/index.php\/wp-json\/wp\/v2\/pages\/3980"}],"collection":[{"href":"https:\/\/www.units.ch\/index.php\/wp-json\/wp\/v2\/pages"}],"about":[{"href":"https:\/\/www.units.ch\/index.php\/wp-json\/wp\/v2\/types\/page"}],"author":[{"embeddable":true,"href":"https:\/\/www.units.ch\/index.php\/wp-json\/wp\/v2\/users\/1"}],"replies":[{"embeddable":true,"href":"https:\/\/www.units.ch\/index.php\/wp-json\/wp\/v2\/comments?post=3980"}],"version-history":[{"count":19,"href":"https:\/\/www.units.ch\/index.php\/wp-json\/wp\/v2\/pages\/3980\/revisions"}],"predecessor-version":[{"id":7950,"href":"https:\/\/www.units.ch\/index.php\/wp-json\/wp\/v2\/pages\/3980\/revisions\/7950"}],"up":[{"embeddable":true,"href":"https:\/\/www.units.ch\/index.php\/wp-json\/wp\/v2\/pages\/70"}],"wp:attachment":[{"href":"https:\/\/www.units.ch\/index.php\/wp-json\/wp\/v2\/media?parent=3980"}],"curies":[{"name":"wp","href":"https:\/\/api.w.org\/{rel}","templated":true}]}}