{"id":3963,"date":"2018-04-16T17:15:15","date_gmt":"2018-04-16T15:15:15","guid":{"rendered":"http:\/\/wl32www730.webland.ch\/?page_id=3963"},"modified":"2022-03-29T08:45:06","modified_gmt":"2022-03-29T06:45:06","slug":"infinite-focus-alicona-radien-und-winkelmessung","status":"publish","type":"page","link":"https:\/\/www.units.ch\/index.php\/taktile-messtechnik-und-computertomografie\/infinite-focus-alicona-radien-und-winkelmessung\/","title":{"rendered":"INFINITE FOCUS"},"content":{"rendered":"<h3>INFINITE FOCUS<\/h3>\n<h1>Radien ab 3\u00b5m und kleinste Winkel werden mit einer vertikalen Aufl\u00f6sung von bis zu 10nm wiederholbar und r\u00fcckf\u00fchrbar gemessen.<\/h1>\n<p><a class=\"page-scroll\" href=\"#top\"><img decoding=\"async\" src=\"\/wp-content\/themes\/WORKZ_NM_UNITS_BS_THEME\/img\/scrolldown_w.png\" class=\"scrollicon\" style=\"transform: rotate(180deg);\"><\/a> <a href=\u201c#\" data-toggle=\"modal\" data-target=\"#infinite\"><img decoding=\"async\" src=\"\/wp-content\/themes\/WORKZ_NM_UNITS_BS_THEME\/img\/scrolldown_w.png\" class=\"scrollicon transform270\"><\/a> <\/p>\n<div id=\"infinite\" class=\"modal fade\" tabindex=\"-1\" role=\"dialog\" aria-labelledby=\"myModalLabel\">\n<div class=\"modal-dialog\" role=\"document\">\n<div class=\"modal-content bg-black\">\n<div class=\"modal-header\"><button class=\"close\" type=\"button\" data-dismiss=\"modal\" aria-label=\"Close\"><span aria-hidden=\"true\">\u00d7<\/span><\/button><\/p>\n<h3 id=\"myModalLabel\" class=\"modal-title\">INFINITE FOCUS<\/h3>\n<\/div>\n<div class=\"modal-body\" style=\"padding:32px; text-align:left;\">\n<img decoding=\"async\" src=\"\/wp-content\/uploads\/2018\/05\/units_alicona_001.jpg\" alt=\"\"class=\"responsive\" \/><\/p>\n<p>Infinite Focus ist ein effizientes 3D Messger\u00e4t, mit dem fl\u00e4chenhafte Geometrien einfach, schnell und mit h\u00f6chster Genauigkeit erfasst werden. Qualit\u00e4tssicherung und Toleranzmessungen sind damit verschlei\u00dffrei, einfach, schnell und mit h\u00f6chster Genauigkeit umzusetzen. Die Vorteile dieses Messger\u00e4tes liegen neben der Pr\u00e4zision darin, dass es auch bei polierten und stark spiegelnden Werkst\u00fccken Top-Messleistungen erbringt. Fr\u00e4ser, Bohrer, Wendeschneidplatten weisen w\u00e4hrend der verschiedenen Produktionsstufen verschieden beschaffene Oberfl\u00e4chen und damit stark variierende Reflexionsbedingungen auf \u2013 ein ideales Einsatzgebiet f\u00fcr das 3 D Messger\u00e4t. Es ist eine geniale Erg\u00e4nzung zu all unseren anderen Dienstleistungsprozessen.<\/p><\/div>\n<div class=\"modal-footer\">\n<button class=\"btn btn-default\" type=\"button\" data-dismiss=\"modal\">schliessen<\/button>\n<\/div>\n<\/div>\n<\/div>\n<\/div>\n","protected":false},"excerpt":{"rendered":"<p>INFINITE FOCUS Radien ab 3\u00b5m und kleinste Winkel werden mit einer vertikalen Aufl\u00f6sung von bis zu 10nm wiederholbar und r\u00fcckf\u00fchrbar [&hellip;]<\/p>\n","protected":false},"author":1,"featured_media":0,"parent":19,"menu_order":100,"comment_status":"closed","ping_status":"closed","template":"TMP_NUU_BASIC.php","meta":{"_acf_changed":false,"footnotes":""},"acf":[],"_links":{"self":[{"href":"https:\/\/www.units.ch\/index.php\/wp-json\/wp\/v2\/pages\/3963"}],"collection":[{"href":"https:\/\/www.units.ch\/index.php\/wp-json\/wp\/v2\/pages"}],"about":[{"href":"https:\/\/www.units.ch\/index.php\/wp-json\/wp\/v2\/types\/page"}],"author":[{"embeddable":true,"href":"https:\/\/www.units.ch\/index.php\/wp-json\/wp\/v2\/users\/1"}],"replies":[{"embeddable":true,"href":"https:\/\/www.units.ch\/index.php\/wp-json\/wp\/v2\/comments?post=3963"}],"version-history":[{"count":27,"href":"https:\/\/www.units.ch\/index.php\/wp-json\/wp\/v2\/pages\/3963\/revisions"}],"predecessor-version":[{"id":7959,"href":"https:\/\/www.units.ch\/index.php\/wp-json\/wp\/v2\/pages\/3963\/revisions\/7959"}],"up":[{"embeddable":true,"href":"https:\/\/www.units.ch\/index.php\/wp-json\/wp\/v2\/pages\/19"}],"wp:attachment":[{"href":"https:\/\/www.units.ch\/index.php\/wp-json\/wp\/v2\/media?parent=3963"}],"curies":[{"name":"wp","href":"https:\/\/api.w.org\/{rel}","templated":true}]}}