{"id":3354,"date":"2017-06-10T10:04:51","date_gmt":"2017-06-10T08:04:51","guid":{"rendered":"http:\/\/wl32www730.webland.ch\/?page_id=3354"},"modified":"2022-03-29T08:43:51","modified_gmt":"2022-03-29T06:43:51","slug":"smartzoom-digital-mikroskopie-mit-makro-aufzeichnungsmodus","status":"publish","type":"page","link":"https:\/\/www.units.ch\/index.php\/taktile-messtechnik-und-computertomografie\/smartzoom-digital-mikroskopie-mit-makro-aufzeichnungsmodus\/","title":{"rendered":"DIGITAL MIKROSKOPIE"},"content":{"rendered":"<h3>DIGITAL MIKROSKOPIE<\/h3>\n<h1>Smartzoom 5 ist unser Digitalmikroskop zur Unterst\u00fctzung der Qualit\u00e4tssicherung in allen Industriebereichen.<\/h1>\n<p><a class=\"page-scroll\" href=\"#infinitefocus\"><img decoding=\"async\" src=\"\/wp-content\/themes\/WORKZ_NM_UNITS_BS_THEME\/img\/scrolldown_w.png\" class=\"scrollicon\"><\/a> <a href=\u201c#\" data-toggle=\"modal\" data-target=\"#digitalmikroskopie\"><img decoding=\"async\" src=\"\/wp-content\/themes\/WORKZ_NM_UNITS_BS_THEME\/img\/scrolldown_w.png\" class=\"scrollicon transform270\" ><\/a> <\/p>\n<div id=\"digitalmikroskopie\" class=\"modal fade\" tabindex=\"-1\" role=\"dialog\" aria-labelledby=\"myModalLabel\">\n<div class=\"modal-dialog\" role=\"document\">\n<div class=\"modal-content bg-dark\">\n<div class=\"modal-header\">\n<button class=\"close\" type=\"button\" data-dismiss=\"modal\" aria-label=\"Close\"><span aria-hidden=\"true\">\u00d7<\/span><\/button><\/p>\n<h3 id=\"myModalLabel\" class=\"modal-title\">DIGITAL MIKROSKOPIE<\/h3>\n<\/div>\n<div class=\"modal-body text-left\">\n<img decoding=\"async\" src=\"\/wp-content\/uploads\/2018\/05\/units_smartzoom5.jpg\" alt=\"\"  class=\"responsive\" \/><\/p>\n<p>Die digitale Mikroskopie ist die optimale Messl\u00f6sung, wenn das Auge keine verl\u00e4sslichen R\u00fcckschl\u00fcsse auf Fehler an der Oberfl\u00e4che machen kann. Die Messung wird als Foto\/Bild gespeichert und kann je nach Situation auch als Beweismittel dienen. <\/p>\n<p>Das voll automatisierte Mikroskop, das mit dedizierten Komponenten f\u00fcr Qualit\u00e4tssicherung und Kontrolle ausger\u00fcstet ist, l\u00e4sst sich schnell und einfach einrichten. Es bietet einen Makro-Aufzeichnungsmodus, der den Workflow Schritt f\u00fcr Schritt aufzeichnet und somit f\u00fcr wiederholte Probenanalysen desselben Typs eine effiziente Pr\u00fcfung erlaubt.<\/p><\/div>\n<div class=\"modal-footer\">\n<button class=\"btn btn-default\" type=\"button\" data-dismiss=\"modal\">schliessen<\/button>\n<\/div>\n<\/div>\n<\/div>\n<\/div>\n","protected":false},"excerpt":{"rendered":"<p>DIGITAL MIKROSKOPIE Smartzoom 5 ist unser Digitalmikroskop zur Unterst\u00fctzung der Qualit\u00e4tssicherung in allen Industriebereichen.<\/p>\n","protected":false},"author":1,"featured_media":0,"parent":19,"menu_order":50,"comment_status":"closed","ping_status":"closed","template":"TMP_NUU_BASIC.php","meta":{"_acf_changed":false,"footnotes":""},"acf":[],"_links":{"self":[{"href":"https:\/\/www.units.ch\/index.php\/wp-json\/wp\/v2\/pages\/3354"}],"collection":[{"href":"https:\/\/www.units.ch\/index.php\/wp-json\/wp\/v2\/pages"}],"about":[{"href":"https:\/\/www.units.ch\/index.php\/wp-json\/wp\/v2\/types\/page"}],"author":[{"embeddable":true,"href":"https:\/\/www.units.ch\/index.php\/wp-json\/wp\/v2\/users\/1"}],"replies":[{"embeddable":true,"href":"https:\/\/www.units.ch\/index.php\/wp-json\/wp\/v2\/comments?post=3354"}],"version-history":[{"count":39,"href":"https:\/\/www.units.ch\/index.php\/wp-json\/wp\/v2\/pages\/3354\/revisions"}],"predecessor-version":[{"id":7955,"href":"https:\/\/www.units.ch\/index.php\/wp-json\/wp\/v2\/pages\/3354\/revisions\/7955"}],"up":[{"embeddable":true,"href":"https:\/\/www.units.ch\/index.php\/wp-json\/wp\/v2\/pages\/19"}],"wp:attachment":[{"href":"https:\/\/www.units.ch\/index.php\/wp-json\/wp\/v2\/media?parent=3354"}],"curies":[{"name":"wp","href":"https:\/\/api.w.org\/{rel}","templated":true}]}}