{"id":3098,"date":"2016-06-07T13:09:21","date_gmt":"2016-06-07T11:09:21","guid":{"rendered":"http:\/\/wl32www730.webland.ch\/?page_id=3098"},"modified":"2022-03-29T08:44:11","modified_gmt":"2022-03-29T06:44:11","slug":"vorrichtungsbau-lehrenfaehigkeit-untersuchungen","status":"publish","type":"page","link":"https:\/\/www.units.ch\/index.php\/flaechenrueckfuehrung_und_3d_digitalisieren\/vorrichtungsbau-lehrenfaehigkeit-untersuchungen\/","title":{"rendered":"VORRICHTUNGSBAU"},"content":{"rendered":"<h3 class=\"modallink\">VORRICHTUNGSBAU<\/h3>\n<h1>Als Full-Service-Dienstleister wissen wir genau, was f\u00fcr die Herstellung einer hochpr\u00e4zisen Messvorrichtung notwendig ist.<\/h1>\n<p><a class=\"page-scroll\" href=\"#tritop\"><img decoding=\"async\" src=\"\/wp-content\/themes\/WORKZ_NM_UNITS_BS_THEME\/img\/scrolldown_w.png\" class=\"scrollicon\"><\/a> <!--<a href=\u201c#\" data-toggle=\"modal\" data-target=\"#vorrichtungsbau\"><img decoding=\"async\" src=\"\/wp-content\/themes\/WORKZ_NM_UNITS_BS_THEME\/img\/scrolldown_w.png\" class=\"scrollicon transform270\" ><\/a> --><\/p>\n<div id=\"vorrichtungsbau\" class=\"modal fade\" tabindex=\"-1\" role=\"dialog\" aria-labelledby=\"myModalLabel\">\n<div class=\"modal-dialog\" role=\"document\">\n<div class=\"modal-content bg-black\">\n<div class=\"modal-header\"><button class=\"close\" type=\"button\" data-dismiss=\"modal\" aria-label=\"Close\"><span aria-hidden=\"true\">\u00d7<\/span><\/button><\/p>\n<h3 id=\"myModalLabel\" class=\"modal-title\">VORRICHTUNGSBAU<\/h3>\n<\/div>\n<div class=\"modal-body\">Wir sind ihr Full-Service-Partner rund um den Vorrichtungsbau. Beratung, Entwicklung, Konstruktion und Fertigung der Lehren geh\u00f6ren ebenso dazu wie anschlie\u00dfende Lehren-F\u00e4higkeiten (MSA). Wir entwickeln Aufspannvorrichtungen f\u00fcr alle m\u00f6glichen Anwendungen und Mehrfach-Spannvorrichtungen f\u00fcr wiederkehrende Serienteile. Es lohnt sich, auch bei kleinen Losgr\u00f6\u00dfen eine durchdachte Vorrichtung einzusetzen. Auf Wunsch kann sogar ein Messprogramm mitgeliefert werden.<\/p>\n<\/div>\n<div class=\"modal-footer\"><button class=\"btn btn-default\" type=\"button\" data-dismiss=\"modal\">SCHLIESSEN<\/button><\/div>\n<\/div>\n<\/div>\n<\/div>\n","protected":false},"excerpt":{"rendered":"<p>VORRICHTUNGSBAU Als Full-Service-Dienstleister wissen wir genau, was f\u00fcr die Herstellung einer hochpr\u00e4zisen Messvorrichtung notwendig ist. \u00d7 VORRICHTUNGSBAU Wir sind ihr [&hellip;]<\/p>\n","protected":false},"author":1,"featured_media":0,"parent":52,"menu_order":50,"comment_status":"closed","ping_status":"closed","template":"TMP_NUU_BASIC.php","meta":{"_acf_changed":false,"footnotes":""},"acf":[],"_links":{"self":[{"href":"https:\/\/www.units.ch\/index.php\/wp-json\/wp\/v2\/pages\/3098"}],"collection":[{"href":"https:\/\/www.units.ch\/index.php\/wp-json\/wp\/v2\/pages"}],"about":[{"href":"https:\/\/www.units.ch\/index.php\/wp-json\/wp\/v2\/types\/page"}],"author":[{"embeddable":true,"href":"https:\/\/www.units.ch\/index.php\/wp-json\/wp\/v2\/users\/1"}],"replies":[{"embeddable":true,"href":"https:\/\/www.units.ch\/index.php\/wp-json\/wp\/v2\/comments?post=3098"}],"version-history":[{"count":27,"href":"https:\/\/www.units.ch\/index.php\/wp-json\/wp\/v2\/pages\/3098\/revisions"}],"predecessor-version":[{"id":7956,"href":"https:\/\/www.units.ch\/index.php\/wp-json\/wp\/v2\/pages\/3098\/revisions\/7956"}],"up":[{"embeddable":true,"href":"https:\/\/www.units.ch\/index.php\/wp-json\/wp\/v2\/pages\/52"}],"wp:attachment":[{"href":"https:\/\/www.units.ch\/index.php\/wp-json\/wp\/v2\/media?parent=3098"}],"curies":[{"name":"wp","href":"https:\/\/api.w.org\/{rel}","templated":true}]}}