{"id":3055,"date":"2016-05-01T14:51:57","date_gmt":"2016-05-01T12:51:57","guid":{"rendered":"http:\/\/wl32www730.webland.ch\/?page_id=3055"},"modified":"2024-07-20T15:58:03","modified_gmt":"2024-07-20T13:58:03","slug":"units_portrait","status":"publish","type":"page","link":"https:\/\/www.units.ch\/index.php\/units_portrait\/","title":{"rendered":"Portrait"},"content":{"rendered":"<h2 style=\"line-height: 120%;\">Kompetenz und Engagement von Anfang an<\/h2>\n<p>Mit unserem langj\u00e4hrigen und bew\u00e4hrten Know-how sowie einem ausgepr\u00e4gten Qualit\u00e4ts- und Servicebewusstsein werden wir die Herausforderungen der Zukunft \u2013 zusammen mit Ihnen \u2013 meistern. Unsere Kernkompetenzen entwickeln wir kontinuierlich weiter und richten unsere Dienstleistungen konsequent am Nutzen unserer Kunden aus. Wir konzentrieren uns aktiv und konkret auf Systeml\u00f6sungen der Gegenwart und gestalten unsere Zukunft aktiv.<\/p>\n<p>Sie erhalten von uns Hightech zu vern\u00fcnftigen Preisen. Dank unserer \u00fcbersichtlichen, klaren Firmenstruktur und den durchdachten Abl\u00e4ufen k\u00f6nnen wir effizient und kostenbewusst f\u00fcr Sie arbeiten. Sie werden von uns kompetent beraten und w\u00e4hrend des ganzen Projekts professionell betreut. Selbstverst\u00e4ndlich auch danach, um Ihren Erfolg zu sichern.<\/p>\n<p>Unsere Flexibilit\u00e4t garantiert Ihnen knappe Lieferfristen. Sagen Sie es uns, wenn es ganz besonders eilt. Dann setzen wir alle Hebel in Bewegung, damit Sie die Daten innerhalb von 24 Stunden erhalten.<\/p>\n<p>Ihre Daten und Informationen sind h\u00f6chst sensibel. Das ist uns bewusst, deshalb ist Diskretion und Verschwiegenheit f\u00fcr uns oberstes Gebot.<\/p>\n<p><a class=\"hashboxindiv\" style=\"background: rgba(0,0,0,0.10); display: inline; padding: 5px;\" href=\"https:\/\/www.units.ch\/wp-content\/uploads\/2024\/07\/units_Broschuere.pdf\" target=\"new\" rel=\"noopener\"> Download units Brosch\u00fcre<\/a><\/p>\n","protected":false},"excerpt":{"rendered":"<p>Kompetenz und Engagement von Anfang an Mit unserem langj\u00e4hrigen und bew\u00e4hrten Know-how sowie einem ausgepr\u00e4gten Qualit\u00e4ts- und Servicebewusstsein werden wir [&hellip;]<\/p>\n","protected":false},"author":1,"featured_media":3378,"parent":0,"menu_order":100,"comment_status":"closed","ping_status":"closed","template":"TMP_SUB_SINGLE.php","meta":{"_acf_changed":false,"footnotes":""},"acf":[],"_links":{"self":[{"href":"https:\/\/www.units.ch\/index.php\/wp-json\/wp\/v2\/pages\/3055"}],"collection":[{"href":"https:\/\/www.units.ch\/index.php\/wp-json\/wp\/v2\/pages"}],"about":[{"href":"https:\/\/www.units.ch\/index.php\/wp-json\/wp\/v2\/types\/page"}],"author":[{"embeddable":true,"href":"https:\/\/www.units.ch\/index.php\/wp-json\/wp\/v2\/users\/1"}],"replies":[{"embeddable":true,"href":"https:\/\/www.units.ch\/index.php\/wp-json\/wp\/v2\/comments?post=3055"}],"version-history":[{"count":32,"href":"https:\/\/www.units.ch\/index.php\/wp-json\/wp\/v2\/pages\/3055\/revisions"}],"predecessor-version":[{"id":9681,"href":"https:\/\/www.units.ch\/index.php\/wp-json\/wp\/v2\/pages\/3055\/revisions\/9681"}],"wp:featuredmedia":[{"embeddable":true,"href":"https:\/\/www.units.ch\/index.php\/wp-json\/wp\/v2\/media\/3378"}],"wp:attachment":[{"href":"https:\/\/www.units.ch\/index.php\/wp-json\/wp\/v2\/media?parent=3055"}],"curies":[{"name":"wp","href":"https:\/\/api.w.org\/{rel}","templated":true}]}}