{"id":3020,"date":"2016-02-18T16:24:33","date_gmt":"2016-02-18T15:24:33","guid":{"rendered":"http:\/\/wl32www730.webland.ch\/?page_id=3020"},"modified":"2026-04-01T22:40:19","modified_gmt":"2026-04-01T20:40:19","slug":"jobs","status":"publish","type":"page","link":"https:\/\/www.units.ch\/index.php\/jobs\/","title":{"rendered":"Ihre Zukunft bei units"},"content":{"rendered":"<h2>Ihre Zukunft bei units<\/h2>\n<h3>Werden Sie ein Teil der units GRUPPE.<\/h3>\n<p>Als Entwicklungspartner und L\u00f6sungsanbieter unterst\u00fctzen wir unsere Kunden und ihre Projekte in jeder Phase \u2013 von der Idee bis zur Fertigung und Optimierung \u2013 mit unseren vernetzten Leistungen in den Bereichen:<\/p>\n<p>\u2022 Moldflow-Simulation<br \/>\n\u2022 3D-Digitalisierung<br \/>\n\u2022 Reverse-Engineering<br \/>\n\u2022 Werkzeugkorrekturen<br \/>\n\u2022 Industrielle Messtechnik<br \/>\n\u2022 Computertomografie<\/p>\n<p>Wir wissen um die hohen Anforderungen unserer Kunden und wachsen mit jeder Herausforderung.<br \/>\nMit anderen Worten: Wir haben Spass am Erfolg unserer Arbeit.<\/p>\n<p>Erfolg wiederum setzt auch die richtigen Mitarbeitenden voraus.<\/p>\n<h3>Offene Stellen<\/h3>\n<p>An unserem Standort units OST AG in Au (SG) suchen wir per sofort oder nach Vereinbarung selbst\u00e4ndige, umsetzungsstarke und zuverl\u00e4ssige Pers\u00f6nlichkeiten f\u00fcr die Bereiche<br \/>\n<strong><br \/>\n<a href=\"https:\/\/www.units.ch\/wp-content\/uploads\/2026\/03\/units-OST_Stelleninserat-TID_03-26.pdf\" rel=\"noopener\" target=\"_blank\">Technischer Vertriebsinnendienst (100%)<\/a><br \/>\n&nbsp;<br \/>\n<a href=\"https:\/\/www.units.ch\/wp-content\/uploads\/2026\/04\/units-OST_Stelleninserat-MT-ICT_04-26.pdf\" rel=\"noopener\" target=\"_blank\">3D-Messtechnik ICT (Computertomografie) \u2013 100%<\/a><br \/>\n&nbsp;<\/strong><\/p>\n<p>An unserem Standort units AUSTRIA GmbH in Lustenau (Vorarlberg) suchen wir per sofort oder nach<br \/>\nVereinbarung eine selbst\u00e4ndige, umsetzungsstarke und zuverl\u00e4ssige Pers\u00f6nlichkeit f\u00fcr den Bereich:<br \/>\n<strong><br \/>\n<a href=\"https:\/\/www.units.ch\/wp-content\/uploads\/2026\/03\/units-AUSTRIA_Stelleninserat-TID_03-26.pdf\" rel=\"noopener\" target=\"_blank\">Technischer Vertriebsinnendienst | Stv. Office (60 \u2212 100%)<\/a><br \/>\n&nbsp;<\/strong><\/p>\n<p>An unserem Standort units MITTELLAND AG in Zuchwil (SO) suchen wir per sofort oder nach<br \/>\nVereinbarung eine selbst\u00e4ndige, umsetzungsstarke und zuverl\u00e4ssige Pers\u00f6nlichkeit f\u00fcr den Bereich:<br \/>\n<strong><br \/>\n<a href=\"https:\/\/www.units.ch\/wp-content\/uploads\/2026\/03\/units-MITTELLAND_Stelleninserat-TID_03-26.pdf\" rel=\"noopener\" target=\"_blank\">Technischer Vertriebsinnendienst | Stv. Office (60 \u2212 100%)<\/a><br \/>\n&nbsp;<\/strong><\/p>\n<p><!-- Unsere offenen Stellen: \/oder\/ Zurzeit keine Vakanzen. --><\/p>\n","protected":false},"excerpt":{"rendered":"<p>Ihre Zukunft bei units Werden Sie ein Teil der units GRUPPE. Als Entwicklungspartner und L\u00f6sungsanbieter unterst\u00fctzen wir unsere Kunden und [&hellip;]<\/p>\n","protected":false},"author":1,"featured_media":0,"parent":0,"menu_order":400,"comment_status":"closed","ping_status":"closed","template":"TMP_SUB_SINGLE.php","meta":{"_acf_changed":false,"footnotes":""},"acf":[],"_links":{"self":[{"href":"https:\/\/www.units.ch\/index.php\/wp-json\/wp\/v2\/pages\/3020"}],"collection":[{"href":"https:\/\/www.units.ch\/index.php\/wp-json\/wp\/v2\/pages"}],"about":[{"href":"https:\/\/www.units.ch\/index.php\/wp-json\/wp\/v2\/types\/page"}],"author":[{"embeddable":true,"href":"https:\/\/www.units.ch\/index.php\/wp-json\/wp\/v2\/users\/1"}],"replies":[{"embeddable":true,"href":"https:\/\/www.units.ch\/index.php\/wp-json\/wp\/v2\/comments?post=3020"}],"version-history":[{"count":171,"href":"https:\/\/www.units.ch\/index.php\/wp-json\/wp\/v2\/pages\/3020\/revisions"}],"predecessor-version":[{"id":11049,"href":"https:\/\/www.units.ch\/index.php\/wp-json\/wp\/v2\/pages\/3020\/revisions\/11049"}],"wp:attachment":[{"href":"https:\/\/www.units.ch\/index.php\/wp-json\/wp\/v2\/media?parent=3020"}],"curies":[{"name":"wp","href":"https:\/\/api.w.org\/{rel}","templated":true}]}}