{"id":29,"date":"2016-02-02T12:51:04","date_gmt":"2016-02-02T11:51:04","guid":{"rendered":"http:\/\/wl32www730.webland.ch\/?page_id=29"},"modified":"2022-03-30T08:36:11","modified_gmt":"2022-03-30T06:36:11","slug":"form-und-oberflaeche","status":"publish","type":"page","link":"https:\/\/www.units.ch\/index.php\/taktile-messtechnik-und-computertomografie\/form-und-oberflaeche\/","title":{"rendered":"FORM UND OBERFL\u00c4CHE"},"content":{"rendered":"<h3>FORM UND OBERFL\u00c4CHE<\/h3>\n<h1>Schnelle Messungen von Konturen und wiederholbare Rauheiten bedeuten geringer Zeitverlust in der Fertigung.<\/h1>\n<p><a class=\"page-scroll\" href=\"#mikroskopie\"><img decoding=\"async\" src=\"\/wp-content\/themes\/WORKZ_NM_UNITS_BS_THEME\/img\/scrolldown_w.png\" class=\"scrollicon\" ><\/a> <a href=\u201c#\" data-toggle=\"modal\" data-target=\"#formundoberflaeche\"><img decoding=\"async\" src=\"\/wp-content\/themes\/WORKZ_NM_UNITS_BS_THEME\/img\/scrolldown_w.png\" class=\"scrollicon transform270\"><\/a> <\/p>\n<div id=\"formundoberflaeche\" class=\"modal fade\" tabindex=\"-1\" role=\"dialog\" aria-labelledby=\"myModalLabel\">\n<div class=\"modal-dialog\" role=\"document\">\n<div class=\"modal-content bg-dark\">\n<div class=\"modal-header\">\n<button class=\"close\" type=\"button\" data-dismiss=\"modal\" aria-label=\"Close\"><span aria-hidden=\"true\">\u00d7<\/span><\/button><\/p>\n<h3 id=\"myModalLabel\" class=\"modal-title\">FORM UND OBERFL\u00c4CHE<\/h3>\n<\/div>\n<div class=\"modal-body\" style=\"padding:32px; text-align:left;\">\n<img loading=\"lazy\" decoding=\"async\" src=\"\/wp-content\/uploads\/2016\/02\/formundoberflaeche-1.jpg\" alt=\"\" width=\"1800\" height=\"1350\" class=\"responsive\" \/><\/p>\n<p>Mit dem Konturmessplatz lassen sich kleinste Radien, Fasen, Winkel, Einstiche und L\u00e4ngentoleranzen messen, aber auch hochgenaue Konturen wie zum Beispiel Kugelspindeln und Normalen erfassen. Mit dem flexiblen CNC-Messplatz sind pr\u00e4zise und wiederholbare Konturmessungen problemlos m\u00f6glich. Sinnvoll ist die Oberfl\u00e4chenmessung (Ra\/Rz\/Rt) im Bereich der Fertigung, im Wareneingang und in der Endkontrolle und wird bei Bauteilen im Automobilbereich, im Maschinenbau sowie in der Medizintechnik eingesetzt.\n<\/p><\/div>\n<div class=\"modal-footer\"><button class=\"btn btn-default\" type=\"button\" data-dismiss=\"modal\">schliessen<\/button><\/div>\n<\/div>\n<\/div>\n<\/div>\n","protected":false},"excerpt":{"rendered":"<p>FORM UND OBERFL\u00c4CHE Schnelle Messungen von Konturen und wiederholbare Rauheiten bedeuten geringer Zeitverlust in der Fertigung.<\/p>\n","protected":false},"author":1,"featured_media":0,"parent":19,"menu_order":40,"comment_status":"closed","ping_status":"closed","template":"TMP_NUU_BASIC.php","meta":{"_acf_changed":false,"footnotes":""},"acf":[],"_links":{"self":[{"href":"https:\/\/www.units.ch\/index.php\/wp-json\/wp\/v2\/pages\/29"}],"collection":[{"href":"https:\/\/www.units.ch\/index.php\/wp-json\/wp\/v2\/pages"}],"about":[{"href":"https:\/\/www.units.ch\/index.php\/wp-json\/wp\/v2\/types\/page"}],"author":[{"embeddable":true,"href":"https:\/\/www.units.ch\/index.php\/wp-json\/wp\/v2\/users\/1"}],"replies":[{"embeddable":true,"href":"https:\/\/www.units.ch\/index.php\/wp-json\/wp\/v2\/comments?post=29"}],"version-history":[{"count":35,"href":"https:\/\/www.units.ch\/index.php\/wp-json\/wp\/v2\/pages\/29\/revisions"}],"predecessor-version":[{"id":7969,"href":"https:\/\/www.units.ch\/index.php\/wp-json\/wp\/v2\/pages\/29\/revisions\/7969"}],"up":[{"embeddable":true,"href":"https:\/\/www.units.ch\/index.php\/wp-json\/wp\/v2\/pages\/19"}],"wp:attachment":[{"href":"https:\/\/www.units.ch\/index.php\/wp-json\/wp\/v2\/media?parent=29"}],"curies":[{"name":"wp","href":"https:\/\/api.w.org\/{rel}","templated":true}]}}