{"id":27,"date":"2016-02-02T12:50:39","date_gmt":"2016-02-02T11:50:39","guid":{"rendered":"http:\/\/wl32www730.webland.ch\/?page_id=27"},"modified":"2022-03-29T08:42:44","modified_gmt":"2022-03-29T06:42:44","slug":"multisensorik-optisch-taktile-messung","status":"publish","type":"page","link":"https:\/\/www.units.ch\/index.php\/taktile-messtechnik-und-computertomografie\/multisensorik-optisch-taktile-messung\/","title":{"rendered":"MULTISENSORIK"},"content":{"rendered":"<h3>MULTISENSORIK<\/H3><\/p>\n<h1 class=\"container_title white\">Die effiziente L\u00f6sung zur Pr\u00fcfung von kleinen, komplexen Teilen in der Entwicklung. Ber\u00fchrungslos oder ber\u00fchrend Messen l\u00e4sst eine schnelle Bewertung von Bauteilen zu.<\/h1>\n<p><a class=\"page-scroll\" href=\"#form-und-oberflaeche\"><img decoding=\"async\" src=\"\/wp-content\/themes\/WORKZ_NM_UNITS_BS_THEME\/img\/scrolldown_w.png\" class=\"scrollicon\" ><\/a> <a href=\u201c#\" data-toggle=\"modal\" data-target=\"#multisensor\"><img decoding=\"async\" src=\"\/wp-content\/themes\/WORKZ_NM_UNITS_BS_THEME\/img\/scrolldown_w.png\" class=\"scrollicon transform270\"><\/a> <\/p>\n<div id=\"multisensor\" class=\"modal fade\" tabindex=\"-1\" role=\"dialog\" aria-labelledby=\"myModalLabel\">\n<div class=\"modal-dialog\" role=\"document\">\n<div class=\"modal-content bg-dark\">\n<div class=\"modal-header\">\n<button class=\"close\" type=\"button\" data-dismiss=\"modal\" aria-label=\"Close\"><span aria-hidden=\"true\">\u00d7<\/span><\/button><\/p>\n<h3 id=\"myModalLabel\" class=\"modal-title\">MULTISENSORIK<\/h3>\n<\/div>\n<div class=\"modal-body\" style=\"padding:32px; text-align:left;\">\n<img decoding=\"async\" src=\"\/wp-content\/uploads\/2016\/02\/optisch_taktil_units_at.jpg\" alt=\"\" class=\"responsive\" \/><\/p>\n<p>Die Multisensorik-Messtechnik nutzt die Vorteile und St\u00e4rken von mehreren Sensoren, um ein Messteil vollst\u00e4ndig zu erfassen. Die Effektivit\u00e4t ist enorm; bei der Pr\u00fcfung von kleinen, komplexen Teilen werden wir h\u00f6chsten Anforderungen gerecht. <\/p>\n<p>Optisches und taktiles Messen l\u00e4sst sich in Kombination abwechselnd nutzen, ohne dabei die laufende CNC-Messung zu unterbrechen. Die Multisensorik-Messtechnik dient insbesondere der Qualit\u00e4tssicherung und Erstbemusterung kleiner Teile aus der Kunststoff-, Medizin- und Automobilindustrie sowie aus der Feinmechanik. Bei dieser bew\u00e4hrten Scanningtechnologie kommt ein neues, sehr genaues und \u00e4usserst flexibles 12-fach-Zoom-Objektiv von Carl Zeiss zum Einsatz.\n<\/p><\/div>\n<div class=\"modal-footer\">\n<button class=\"btn btn-default\" type=\"button\" data-dismiss=\"modal\">schliessen<\/button>\n<\/div>\n<\/div>\n<\/div>\n<\/div>\n","protected":false},"excerpt":{"rendered":"<p>MULTISENSORIK Die effiziente L\u00f6sung zur Pr\u00fcfung von kleinen, komplexen Teilen in der Entwicklung. Ber\u00fchrungslos oder ber\u00fchrend Messen l\u00e4sst eine schnelle [&hellip;]<\/p>\n","protected":false},"author":1,"featured_media":0,"parent":19,"menu_order":30,"comment_status":"closed","ping_status":"closed","template":"TMP_NUU_BASIC.php","meta":{"_acf_changed":false,"footnotes":""},"acf":[],"_links":{"self":[{"href":"https:\/\/www.units.ch\/index.php\/wp-json\/wp\/v2\/pages\/27"}],"collection":[{"href":"https:\/\/www.units.ch\/index.php\/wp-json\/wp\/v2\/pages"}],"about":[{"href":"https:\/\/www.units.ch\/index.php\/wp-json\/wp\/v2\/types\/page"}],"author":[{"embeddable":true,"href":"https:\/\/www.units.ch\/index.php\/wp-json\/wp\/v2\/users\/1"}],"replies":[{"embeddable":true,"href":"https:\/\/www.units.ch\/index.php\/wp-json\/wp\/v2\/comments?post=27"}],"version-history":[{"count":42,"href":"https:\/\/www.units.ch\/index.php\/wp-json\/wp\/v2\/pages\/27\/revisions"}],"predecessor-version":[{"id":7951,"href":"https:\/\/www.units.ch\/index.php\/wp-json\/wp\/v2\/pages\/27\/revisions\/7951"}],"up":[{"embeddable":true,"href":"https:\/\/www.units.ch\/index.php\/wp-json\/wp\/v2\/pages\/19"}],"wp:attachment":[{"href":"https:\/\/www.units.ch\/index.php\/wp-json\/wp\/v2\/media?parent=27"}],"curies":[{"name":"wp","href":"https:\/\/api.w.org\/{rel}","templated":true}]}}