{"id":23,"date":"2016-02-02T12:49:48","date_gmt":"2016-02-02T11:49:48","guid":{"rendered":"http:\/\/wl32www730.webland.ch\/?page_id=23"},"modified":"2023-07-18T09:08:58","modified_gmt":"2023-07-18T07:08:58","slug":"taktile-messung-mit-zeiss-geraeten","status":"publish","type":"page","link":"https:\/\/www.units.ch\/index.php\/taktile-messtechnik-und-computertomografie\/taktile-messung-mit-zeiss-geraeten\/","title":{"rendered":"TAKTILE MESSUNG"},"content":{"rendered":"<h3>TAKTILE MESSUNG<\/h3>\n<h1>Profitieren Sie von unserer langj\u00e4hrigen Erfahrung. Taktiles Messen ist effizient, bietet h\u00f6chste Genauigkeit und verbessert Ihre Prozesse.<\/h1>\n<p><a class=\"page-scroll\" href=\"#computertomografie\"><img decoding=\"async\" class=\"scrollicon\" src=\"\/wp-content\/themes\/WORKZ_NM_UNITS_BS_THEME\/img\/scrolldown_w.png\" \/><\/a> <a href=\"\u201c#&quot;\" data-toggle=\"modal\" data-target=\"#taktilmessen\"><img decoding=\"async\" class=\"scrollicon transform270\" src=\"\/wp-content\/themes\/WORKZ_NM_UNITS_BS_THEME\/img\/scrolldown_w.png\" \/><\/a><\/p>\n<div id=\"taktilmessen\" class=\"modal fade\" tabindex=\"-1\" role=\"dialog\" aria-labelledby=\"myModalLabel\">\n<div class=\"modal-dialog\" role=\"document\">\n<div class=\"modal-content bg-black\">\n<div class=\"modal-header\">\n<p><button class=\"close\" type=\"button\" data-dismiss=\"modal\" aria-label=\"Close\"><span aria-hidden=\"true\">\u00d7<\/span><\/button><\/p>\n<h3 id=\"myModalLabel\" class=\"modal-title\">TAKTILE MESSUNG<\/h3>\n<\/div>\n<div class=\"modal-body\" style=\"padding: 32px; text-align: left;\"><img loading=\"lazy\" decoding=\"async\" class=\"responsive\" src=\"\/wp-content\/uploads\/2016\/02\/index-1024x655.jpg\" alt=\"\" width=\"640\" height=\"409\" \/><\/p>\n<h4>Bei der taktilen Messung ber\u00fchrt der Tastkopf beziehungsweise der Sensor die Oberfl\u00e4che des Bauteils Punkt f\u00fcr Punkt. Die taktile Messtechnik ist ein Standardmessverfahren zur Ermittlung von Form, Lage und Ma\u00dfen von Werkstoffteilen und wird heute vorrangig eingesetzt. Jeder Ber\u00fchrungspunkt wird mit seinen kartesischen Koordinaten (X, Y, Z) ermittelt und mit der Messsoftware Calypso verarbeitet. Denn die taktile Messung ist sehr genau; man erzielt Werte im Micrometerbereich oder sogar darunter.<\/h4>\n<p>&nbsp;<\/p>\n<h4>Taktile Messtechnik erfordert stets eine stabile Werkstoffoberfl\u00e4che, die sich beim Antasten nicht verformt und bei denen geringste Toleranzen zugelassen sind. Bei Prototypen oder Serienmessungen genauso wie bei Erstbemusterungen oder Wareneingangspr\u00fcfungen. Die ermittelten Werte liefern detaillierte R\u00fcckschl\u00fcsse auf die Qualit\u00e4t des Bearbeitungsprozesses, inklusive statistischer Auswertung \u00fcber QS-Stat mit allen g\u00e4ngigen Ausgabeparametern.<\/h4>\n<p>&nbsp;<\/p>\n<h4>Anlagen mit mehreren verschiedenen Tastk\u00f6pfen werden als Multisensor-Koordinatenmessger\u00e4te bezeichnet. Diese zeichnen sich durch besondere Flexibilit\u00e4t bez\u00fcglich verschiedener Anwendungen aus.<\/h4>\n<p>&nbsp;<\/p>\n<h4>Bei der Taktilen &amp; Multisensor Messung kommen unsere bew\u00e4hrten ZEISS-Anlagen zum Einsatz. Unsere Kunden profitieren somit von unserem breit abgest\u00fctzten Know-how. Somit werden kostbare Ressourcen geschont und die von uns gelieferten Messergebnisse k\u00f6nnen zur raschen Optimierung und Umsetzung ihres Projekt genutzt werden.<\/h4>\n<\/div>\n<div class=\"modal-footer\"><button class=\"btn btn-default\" type=\"button\" data-dismiss=\"modal\">schliessen<\/button><\/div>\n<\/div>\n<\/div>\n<\/div>\n","protected":false},"excerpt":{"rendered":"<p>TAKTILE MESSUNG Profitieren Sie von unserer langj\u00e4hrigen Erfahrung. Taktiles Messen ist effizient, bietet h\u00f6chste Genauigkeit und verbessert Ihre Prozesse. \u00d7 [&hellip;]<\/p>\n","protected":false},"author":1,"featured_media":0,"parent":19,"menu_order":10,"comment_status":"closed","ping_status":"closed","template":"TMP_NUU_BASIC.php","meta":{"_acf_changed":false,"footnotes":""},"acf":[],"_links":{"self":[{"href":"https:\/\/www.units.ch\/index.php\/wp-json\/wp\/v2\/pages\/23"}],"collection":[{"href":"https:\/\/www.units.ch\/index.php\/wp-json\/wp\/v2\/pages"}],"about":[{"href":"https:\/\/www.units.ch\/index.php\/wp-json\/wp\/v2\/types\/page"}],"author":[{"embeddable":true,"href":"https:\/\/www.units.ch\/index.php\/wp-json\/wp\/v2\/users\/1"}],"replies":[{"embeddable":true,"href":"https:\/\/www.units.ch\/index.php\/wp-json\/wp\/v2\/comments?post=23"}],"version-history":[{"count":61,"href":"https:\/\/www.units.ch\/index.php\/wp-json\/wp\/v2\/pages\/23\/revisions"}],"predecessor-version":[{"id":8822,"href":"https:\/\/www.units.ch\/index.php\/wp-json\/wp\/v2\/pages\/23\/revisions\/8822"}],"up":[{"embeddable":true,"href":"https:\/\/www.units.ch\/index.php\/wp-json\/wp\/v2\/pages\/19"}],"wp:attachment":[{"href":"https:\/\/www.units.ch\/index.php\/wp-json\/wp\/v2\/media?parent=23"}],"curies":[{"name":"wp","href":"https:\/\/api.w.org\/{rel}","templated":true}]}}