{"id":21,"date":"2016-02-02T12:49:30","date_gmt":"2016-02-02T11:49:30","guid":{"rendered":"http:\/\/wl32www730.webland.ch\/?page_id=21"},"modified":"2022-03-29T08:47:42","modified_gmt":"2022-03-29T06:47:42","slug":"industrielle-computertomografie-ct","status":"publish","type":"page","link":"https:\/\/www.units.ch\/index.php\/taktile-messtechnik-und-computertomografie\/industrielle-computertomografie-ct\/","title":{"rendered":"INDUSTRIELLE COMPUTERTOMOGRAFIE"},"content":{"rendered":"<h3>INDUSTRIELLE COMPUTERTOMOGRAFIE<\/H3><\/p>\n<h1 class=\"container_title white\">H\u00f6chste Datenqualit\u00e4t, kurze Durchlaufzeiten, zerst\u00f6rungsfreies Erfassen und 100%ige Bauteileinformationen: Die Grundlage f\u00fcr Korrekturen, schnelle Prozesse und Optimierung.<\/h1>\n<p><a class=\"page-scroll\" href=\"#multisensorik\"><img decoding=\"async\" src=\"\/wp-content\/themes\/WORKZ_NM_UNITS_BS_THEME\/img\/scrolldown_w.png\" class=\"scrollicon\"><\/a> <a href=\u201c#\" data-toggle=\"modal\" data-target=\"#ct\"><img decoding=\"async\" src=\"\/wp-content\/themes\/WORKZ_NM_UNITS_BS_THEME\/img\/scrolldown_w.png\" class=\"scrollicon transform270\"><\/a> <\/p>\n<div id=\"ct\" class=\"modal fade\" tabindex=\"-1\" role=\"dialog\" aria-labelledby=\"myModalLabel\">\n<div class=\"modal-dialog\" role=\"document\">\n<div class=\"modal-content bg-dark\">\n<div class=\"modal-header\">\n<button class=\"close\" type=\"button\" data-dismiss=\"modal\" aria-label=\"Close\"><span aria-hidden=\"true\">\u00d7<\/span><\/button><\/p>\n<h3 id=\"myModalLabel\" class=\"modal-title\">INDUSTRIELLE COMPUTERTOMOGRAFIE<\/h3>\n<\/div>\n<div class=\"modal-body\" style=\"padding:32px; text-align:left;\">\n<img decoding=\"async\" src=\"\/wp-content\/uploads\/2016\/02\/index-1.jpg\" alt=\"\"  class=\"responsive\" \/><\/p>\n<p>Der Trend, industrielle Fertigungsprozesse zu verk\u00fcrzen, ist trotz steigender Variantenvielfalt und immer k\u00fcrzer werdender Produktlebenszyklen ungebrochen. Denn gleichzeitig steigen die Qualit\u00e4tsanforderungen an die Produkte laufend an. <\/p>\n<p>Entsprechend wichtig sind Qualit\u00e4tskontrollen. Diesbez\u00fcglich hat sich die industrielle Computertomografie (CT) in den vergangenen Jahren als Analysewerkzeug etabliert und bew\u00e4hrt. <\/p>\n<p>Durch ihre F\u00e4higkeiten \u2013 die Untersuchung der Materialien eines Bauteils wie auch dessen vollst\u00e4ndige geometrische Analyse \u2013 wird die CT zu einem universellen und idealen Werkzeug der industriellen Qualit\u00e4tskontrolle.<\/p>\n<p>units ist Ihr erfahrener Partner mit breiten Dienstleistungsportfolio und den M\u00f6glichkeiten, interdisziplin\u00e4re Gesamtl\u00f6sungen anzubieten. <\/p><\/div>\n<div class=\"modal-footer\"><button class=\"btn btn-default\" type=\"button\" data-dismiss=\"modal\">schliessen<\/button><\/div>\n<\/div>\n<\/div>\n<\/div>\n","protected":false},"excerpt":{"rendered":"<p>INDUSTRIELLE COMPUTERTOMOGRAFIE H\u00f6chste Datenqualit\u00e4t, kurze Durchlaufzeiten, zerst\u00f6rungsfreies Erfassen und 100%ige Bauteileinformationen: Die Grundlage f\u00fcr Korrekturen, schnelle Prozesse und Optimierung.<\/p>\n","protected":false},"author":1,"featured_media":3348,"parent":19,"menu_order":20,"comment_status":"closed","ping_status":"closed","template":"TMP_NUU_BASIC.php","meta":{"_acf_changed":false,"footnotes":""},"acf":[],"_links":{"self":[{"href":"https:\/\/www.units.ch\/index.php\/wp-json\/wp\/v2\/pages\/21"}],"collection":[{"href":"https:\/\/www.units.ch\/index.php\/wp-json\/wp\/v2\/pages"}],"about":[{"href":"https:\/\/www.units.ch\/index.php\/wp-json\/wp\/v2\/types\/page"}],"author":[{"embeddable":true,"href":"https:\/\/www.units.ch\/index.php\/wp-json\/wp\/v2\/users\/1"}],"replies":[{"embeddable":true,"href":"https:\/\/www.units.ch\/index.php\/wp-json\/wp\/v2\/comments?post=21"}],"version-history":[{"count":52,"href":"https:\/\/www.units.ch\/index.php\/wp-json\/wp\/v2\/pages\/21\/revisions"}],"predecessor-version":[{"id":7962,"href":"https:\/\/www.units.ch\/index.php\/wp-json\/wp\/v2\/pages\/21\/revisions\/7962"}],"up":[{"embeddable":true,"href":"https:\/\/www.units.ch\/index.php\/wp-json\/wp\/v2\/pages\/19"}],"wp:featuredmedia":[{"embeddable":true,"href":"https:\/\/www.units.ch\/index.php\/wp-json\/wp\/v2\/media\/3348"}],"wp:attachment":[{"href":"https:\/\/www.units.ch\/index.php\/wp-json\/wp\/v2\/media?parent=21"}],"curies":[{"name":"wp","href":"https:\/\/api.w.org\/{rel}","templated":true}]}}