{"id":19,"date":"2016-02-02T12:49:13","date_gmt":"2016-02-02T11:49:13","guid":{"rendered":"http:\/\/wl32www730.webland.ch\/?page_id=19"},"modified":"2022-03-07T12:12:23","modified_gmt":"2022-03-07T11:12:23","slug":"taktile-messtechnik-und-computertomografie","status":"publish","type":"page","link":"https:\/\/www.units.ch\/index.php\/taktile-messtechnik-und-computertomografie\/","title":{"rendered":"INDUSTRIELLE MESSTECHNIK"},"content":{"rendered":"<div class=\"text-center\">\n<h1>Das Wort &#8222;ungef\u00e4hr&#8220; haben wir aus unserem Wortschatz gestrichen.<\/h1>\n<h2>Erwarten Sie stattdessen h\u00f6chste Genauigkeit, akkreditierte Resultate, eine gesamtheitliche Betrachtung und nutzbringende L\u00f6sungsvorschl\u00e4ge. Ein hochmoderner Maschinenpark und motivierte Mitarbeiter sind unsere Garantie f\u00fcr Ihren Erfolg.<\/h2>\n<\/div>\n","protected":false},"excerpt":{"rendered":"<p>Das Wort &#8222;ungef\u00e4hr&#8220; haben wir aus unserem Wortschatz gestrichen. Erwarten Sie stattdessen h\u00f6chste Genauigkeit, akkreditierte Resultate, eine gesamtheitliche Betrachtung und [&hellip;]<\/p>\n","protected":false},"author":1,"featured_media":0,"parent":0,"menu_order":10,"comment_status":"closed","ping_status":"closed","template":"TMP_SP_IMT.php","meta":{"_acf_changed":false,"footnotes":""},"acf":[],"_links":{"self":[{"href":"https:\/\/www.units.ch\/index.php\/wp-json\/wp\/v2\/pages\/19"}],"collection":[{"href":"https:\/\/www.units.ch\/index.php\/wp-json\/wp\/v2\/pages"}],"about":[{"href":"https:\/\/www.units.ch\/index.php\/wp-json\/wp\/v2\/types\/page"}],"author":[{"embeddable":true,"href":"https:\/\/www.units.ch\/index.php\/wp-json\/wp\/v2\/users\/1"}],"replies":[{"embeddable":true,"href":"https:\/\/www.units.ch\/index.php\/wp-json\/wp\/v2\/comments?post=19"}],"version-history":[{"count":52,"href":"https:\/\/www.units.ch\/index.php\/wp-json\/wp\/v2\/pages\/19\/revisions"}],"predecessor-version":[{"id":7897,"href":"https:\/\/www.units.ch\/index.php\/wp-json\/wp\/v2\/pages\/19\/revisions\/7897"}],"wp:attachment":[{"href":"https:\/\/www.units.ch\/index.php\/wp-json\/wp\/v2\/media?parent=19"}],"curies":[{"name":"wp","href":"https:\/\/api.w.org\/{rel}","templated":true}]}}